{"id":8719,"date":"2022-09-09T07:55:30","date_gmt":"2022-09-09T07:55:30","guid":{"rendered":"https:\/\/fcballkani.com\/?page_id=8719"},"modified":"2022-09-09T08:03:37","modified_gmt":"2022-09-09T08:03:37","slug":"ka-perfunduar-seanca-e-fundit-stervitore-para-ndeshjes-kunder-prishtines","status":"publish","type":"page","link":"https:\/\/fcballkani.com\/en\/ka-perfunduar-seanca-e-fundit-stervitore-para-ndeshjes-kunder-prishtines\/","title":{"rendered":"Ka p\u00ebrfunduar seanca e fundit st\u00ebrvitore para ndeshjes kund\u00ebr Prishtin\u00ebs."},"content":{"rendered":"<div data-elementor-type=\"wp-page\" data-elementor-id=\"8719\" class=\"elementor elementor-8719\" data-elementor-post-type=\"page\">\n\t\t\t\t\t\t<section class=\"elementor-section elementor-top-section elementor-element elementor-element-61cc639f elementor-section-boxed elementor-section-height-default elementor-section-height-default\" data-id=\"61cc639f\" data-element_type=\"section\" data-e-type=\"section\">\n\t\t\t\t\t\t<div class=\"elementor-container elementor-column-gap-default\">\n\t\t\t\t\t<div class=\"elementor-column elementor-col-100 elementor-top-column elementor-element elementor-element-7be6e375\" data-id=\"7be6e375\" data-element_type=\"column\" data-e-type=\"column\">\n\t\t\t<div class=\"elementor-widget-wrap elementor-element-populated\">\n\t\t\t\t\t\t<div class=\"elementor-element elementor-element-245008c3 elementor-widget elementor-widget-gallery\" data-id=\"245008c3\" data-element_type=\"widget\" data-e-type=\"widget\" data-settings=\"{&quot;background_overlay_hover_animation&quot;:&quot;fade-in&quot;,&quot;columns_mobile&quot;:2,&quot;lazyload&quot;:&quot;yes&quot;,&quot;gallery_layout&quot;:&quot;grid&quot;,&quot;columns&quot;:4,&quot;columns_tablet&quot;:2,&quot;gap&quot;:{&quot;unit&quot;:&quot;px&quot;,&quot;size&quot;:10,&quot;sizes&quot;:[]},&quot;gap_tablet&quot;:{&quot;unit&quot;:&quot;px&quot;,&quot;size&quot;:10,&quot;sizes&quot;:[]},&quot;gap_mobile&quot;:{&quot;unit&quot;:&quot;px&quot;,&quot;size&quot;:10,&quot;sizes&quot;:[]},&quot;link_to&quot;:&quot;file&quot;,&quot;aspect_ratio&quot;:&quot;3:2&quot;,&quot;overlay_background&quot;:&quot;yes&quot;,&quot;content_hover_animation&quot;:&quot;fade-in&quot;}\" data-widget_type=\"gallery.default\">\n\t\t\t\t<div class=\"elementor-widget-container\">\n\t\t\t\t\t\t\t<div class=\"elementor-gallery__container\">\n\t\t\t\t\t\t\t<a class=\"e-gallery-item elementor-gallery-item elementor-animated-content\" href=\"https:\/\/fcballkani.com\/wp-content\/uploads\/2022\/09\/1-min-2.jpg\" data-elementor-open-lightbox=\"yes\" data-elementor-lightbox-slideshow=\"245008c3\" data-elementor-lightbox-title=\"1-min\" data-e-action-hash=\"#elementor-action%3Aaction%3Dlightbox%26settings%3DeyJpZCI6ODcyMSwidXJsIjoiaHR0cHM6XC9cL2ZjYmFsbGthbmkuY29tXC93cC1jb250ZW50XC91cGxvYWRzXC8yMDIyXC8wOVwvMS1taW4tMi5qcGciLCJzbGlkZXNob3ciOiIyNDUwMDhjMyJ9\">\n\t\t\t\t\t<div class=\"e-gallery-image elementor-gallery-item__image\" data-thumbnail=\"https:\/\/fcballkani.com\/wp-content\/uploads\/2022\/09\/1-min-2.jpg\" data-width=\"2048\" data-height=\"2048\" aria-label=\"\" role=\"img\" ><\/div>\n\t\t\t\t\t\t\t\t\t\t\t<div class=\"elementor-gallery-item__overlay\"><\/div>\n\t\t\t\t\t\t\t\t\t\t\t\t\t\t<\/a>\n\t\t\t\t\t\t\t<a class=\"e-gallery-item elementor-gallery-item elementor-animated-content\" href=\"https:\/\/fcballkani.com\/wp-content\/uploads\/2022\/09\/2-min-2.jpg\" data-elementor-open-lightbox=\"yes\" data-elementor-lightbox-slideshow=\"245008c3\" data-elementor-lightbox-title=\"2-min\" data-e-action-hash=\"#elementor-action%3Aaction%3Dlightbox%26settings%3DeyJpZCI6ODcyMiwidXJsIjoiaHR0cHM6XC9cL2ZjYmFsbGthbmkuY29tXC93cC1jb250ZW50XC91cGxvYWRzXC8yMDIyXC8wOVwvMi1taW4tMi5qcGciLCJzbGlkZXNob3ciOiIyNDUwMDhjMyJ9\">\n\t\t\t\t\t<div class=\"e-gallery-image elementor-gallery-item__image\" data-thumbnail=\"https:\/\/fcballkani.com\/wp-content\/uploads\/2022\/09\/2-min-2.jpg\" data-width=\"2048\" data-height=\"2048\" aria-label=\"\" role=\"img\" ><\/div>\n\t\t\t\t\t\t\t\t\t\t\t<div class=\"elementor-gallery-item__overlay\"><\/div>\n\t\t\t\t\t\t\t\t\t\t\t\t\t\t<\/a>\n\t\t\t\t\t\t\t<a class=\"e-gallery-item elementor-gallery-item elementor-animated-content\" href=\"https:\/\/fcballkani.com\/wp-content\/uploads\/2022\/09\/3-min-2.jpg\" data-elementor-open-lightbox=\"yes\" data-elementor-lightbox-slideshow=\"245008c3\" data-elementor-lightbox-title=\"3-min\" data-e-action-hash=\"#elementor-action%3Aaction%3Dlightbox%26settings%3DeyJpZCI6ODcyMywidXJsIjoiaHR0cHM6XC9cL2ZjYmFsbGthbmkuY29tXC93cC1jb250ZW50XC91cGxvYWRzXC8yMDIyXC8wOVwvMy1taW4tMi5qcGciLCJzbGlkZXNob3ciOiIyNDUwMDhjMyJ9\">\n\t\t\t\t\t<div class=\"e-gallery-image elementor-gallery-item__image\" data-thumbnail=\"https:\/\/fcballkani.com\/wp-content\/uploads\/2022\/09\/3-min-2.jpg\" data-width=\"2048\" data-height=\"1536\" aria-label=\"\" role=\"img\" ><\/div>\n\t\t\t\t\t\t\t\t\t\t\t<div class=\"elementor-gallery-item__overlay\"><\/div>\n\t\t\t\t\t\t\t\t\t\t\t\t\t\t<\/a>\n\t\t\t\t\t\t\t<a class=\"e-gallery-item elementor-gallery-item elementor-animated-content\" href=\"https:\/\/fcballkani.com\/wp-content\/uploads\/2022\/09\/4-min-2.jpg\" data-elementor-open-lightbox=\"yes\" data-elementor-lightbox-slideshow=\"245008c3\" data-elementor-lightbox-title=\"4-min\" data-e-action-hash=\"#elementor-action%3Aaction%3Dlightbox%26settings%3DeyJpZCI6ODcyNCwidXJsIjoiaHR0cHM6XC9cL2ZjYmFsbGthbmkuY29tXC93cC1jb250ZW50XC91cGxvYWRzXC8yMDIyXC8wOVwvNC1taW4tMi5qcGciLCJzbGlkZXNob3ciOiIyNDUwMDhjMyJ9\">\n\t\t\t\t\t<div class=\"e-gallery-image elementor-gallery-item__image\" data-thumbnail=\"https:\/\/fcballkani.com\/wp-content\/uploads\/2022\/09\/4-min-2.jpg\" data-width=\"2048\" data-height=\"2048\" aria-label=\"\" role=\"img\" ><\/div>\n\t\t\t\t\t\t\t\t\t\t\t<div class=\"elementor-gallery-item__overlay\"><\/div>\n\t\t\t\t\t\t\t\t\t\t\t\t\t\t<\/a>\n\t\t\t\t\t\t\t<a class=\"e-gallery-item elementor-gallery-item elementor-animated-content\" href=\"https:\/\/fcballkani.com\/wp-content\/uploads\/2022\/09\/5-min-2.jpg\" data-elementor-open-lightbox=\"yes\" data-elementor-lightbox-slideshow=\"245008c3\" data-elementor-lightbox-title=\"5-min\" data-e-action-hash=\"#elementor-action%3Aaction%3Dlightbox%26settings%3DeyJpZCI6ODcyNSwidXJsIjoiaHR0cHM6XC9cL2ZjYmFsbGthbmkuY29tXC93cC1jb250ZW50XC91cGxvYWRzXC8yMDIyXC8wOVwvNS1taW4tMi5qcGciLCJzbGlkZXNob3ciOiIyNDUwMDhjMyJ9\">\n\t\t\t\t\t<div class=\"e-gallery-image elementor-gallery-item__image\" data-thumbnail=\"https:\/\/fcballkani.com\/wp-content\/uploads\/2022\/09\/5-min-2.jpg\" data-width=\"2048\" data-height=\"2048\" aria-label=\"\" role=\"img\" ><\/div>\n\t\t\t\t\t\t\t\t\t\t\t<div class=\"elementor-gallery-item__overlay\"><\/div>\n\t\t\t\t\t\t\t\t\t\t\t\t\t\t<\/a>\n\t\t\t\t\t\t\t<a class=\"e-gallery-item elementor-gallery-item elementor-animated-content\" href=\"https:\/\/fcballkani.com\/wp-content\/uploads\/2022\/09\/6-min-2.jpg\" data-elementor-open-lightbox=\"yes\" data-elementor-lightbox-slideshow=\"245008c3\" data-elementor-lightbox-title=\"6-min\" data-e-action-hash=\"#elementor-action%3Aaction%3Dlightbox%26settings%3DeyJpZCI6ODcyNiwidXJsIjoiaHR0cHM6XC9cL2ZjYmFsbGthbmkuY29tXC93cC1jb250ZW50XC91cGxvYWRzXC8yMDIyXC8wOVwvNi1taW4tMi5qcGciLCJzbGlkZXNob3ciOiIyNDUwMDhjMyJ9\">\n\t\t\t\t\t<div class=\"e-gallery-image elementor-gallery-item__image\" data-thumbnail=\"https:\/\/fcballkani.com\/wp-content\/uploads\/2022\/09\/6-min-2.jpg\" data-width=\"2048\" data-height=\"2048\" aria-label=\"\" role=\"img\" ><\/div>\n\t\t\t\t\t\t\t\t\t\t\t<div class=\"elementor-gallery-item__overlay\"><\/div>\n\t\t\t\t\t\t\t\t\t\t\t\t\t\t<\/a>\n\t\t\t\t\t\t\t<a class=\"e-gallery-item elementor-gallery-item elementor-animated-content\" href=\"https:\/\/fcballkani.com\/wp-content\/uploads\/2022\/09\/7-min-1.jpg\" data-elementor-open-lightbox=\"yes\" data-elementor-lightbox-slideshow=\"245008c3\" data-elementor-lightbox-title=\"7-min\" data-e-action-hash=\"#elementor-action%3Aaction%3Dlightbox%26settings%3DeyJpZCI6ODcyNywidXJsIjoiaHR0cHM6XC9cL2ZjYmFsbGthbmkuY29tXC93cC1jb250ZW50XC91cGxvYWRzXC8yMDIyXC8wOVwvNy1taW4tMS5qcGciLCJzbGlkZXNob3ciOiIyNDUwMDhjMyJ9\">\n\t\t\t\t\t<div class=\"e-gallery-image elementor-gallery-item__image\" data-thumbnail=\"https:\/\/fcballkani.com\/wp-content\/uploads\/2022\/09\/7-min-1.jpg\" data-width=\"2048\" data-height=\"2048\" aria-label=\"\" role=\"img\" ><\/div>\n\t\t\t\t\t\t\t\t\t\t\t<div class=\"elementor-gallery-item__overlay\"><\/div>\n\t\t\t\t\t\t\t\t\t\t\t\t\t\t<\/a>\n\t\t\t\t\t\t\t<a class=\"e-gallery-item elementor-gallery-item elementor-animated-content\" href=\"https:\/\/fcballkani.com\/wp-content\/uploads\/2022\/09\/8-min-2.jpg\" data-elementor-open-lightbox=\"yes\" data-elementor-lightbox-slideshow=\"245008c3\" data-elementor-lightbox-title=\"8-min\" data-e-action-hash=\"#elementor-action%3Aaction%3Dlightbox%26settings%3DeyJpZCI6ODcyOCwidXJsIjoiaHR0cHM6XC9cL2ZjYmFsbGthbmkuY29tXC93cC1jb250ZW50XC91cGxvYWRzXC8yMDIyXC8wOVwvOC1taW4tMi5qcGciLCJzbGlkZXNob3ciOiIyNDUwMDhjMyJ9\">\n\t\t\t\t\t<div class=\"e-gallery-image elementor-gallery-item__image\" data-thumbnail=\"https:\/\/fcballkani.com\/wp-content\/uploads\/2022\/09\/8-min-2.jpg\" data-width=\"2048\" data-height=\"2048\" aria-label=\"\" role=\"img\" ><\/div>\n\t\t\t\t\t\t\t\t\t\t\t<div class=\"elementor-gallery-item__overlay\"><\/div>\n\t\t\t\t\t\t\t\t\t\t\t\t\t\t<\/a>\n\t\t\t\t\t\t\t<a class=\"e-gallery-item elementor-gallery-item elementor-animated-content\" href=\"https:\/\/fcballkani.com\/wp-content\/uploads\/2022\/09\/9-min-2.jpg\" data-elementor-open-lightbox=\"yes\" data-elementor-lightbox-slideshow=\"245008c3\" data-elementor-lightbox-title=\"9-min\" data-e-action-hash=\"#elementor-action%3Aaction%3Dlightbox%26settings%3DeyJpZCI6ODcyOSwidXJsIjoiaHR0cHM6XC9cL2ZjYmFsbGthbmkuY29tXC93cC1jb250ZW50XC91cGxvYWRzXC8yMDIyXC8wOVwvOS1taW4tMi5qcGciLCJzbGlkZXNob3ciOiIyNDUwMDhjMyJ9\">\n\t\t\t\t\t<div class=\"e-gallery-image elementor-gallery-item__image\" data-thumbnail=\"https:\/\/fcballkani.com\/wp-content\/uploads\/2022\/09\/9-min-2.jpg\" data-width=\"2048\" data-height=\"2048\" aria-label=\"\" role=\"img\" ><\/div>\n\t\t\t\t\t\t\t\t\t\t\t<div class=\"elementor-gallery-item__overlay\"><\/div>\n\t\t\t\t\t\t\t\t\t\t\t\t\t\t<\/a>\n\t\t\t\t\t\t\t<a class=\"e-gallery-item elementor-gallery-item elementor-animated-content\" href=\"https:\/\/fcballkani.com\/wp-content\/uploads\/2022\/09\/10-min-2.jpg\" data-elementor-open-lightbox=\"yes\" data-elementor-lightbox-slideshow=\"245008c3\" data-elementor-lightbox-title=\"10-min\" data-e-action-hash=\"#elementor-action%3Aaction%3Dlightbox%26settings%3DeyJpZCI6ODczMCwidXJsIjoiaHR0cHM6XC9cL2ZjYmFsbGthbmkuY29tXC93cC1jb250ZW50XC91cGxvYWRzXC8yMDIyXC8wOVwvMTAtbWluLTIuanBnIiwic2xpZGVzaG93IjoiMjQ1MDA4YzMifQ%3D%3D\">\n\t\t\t\t\t<div class=\"e-gallery-image elementor-gallery-item__image\" data-thumbnail=\"https:\/\/fcballkani.com\/wp-content\/uploads\/2022\/09\/10-min-2.jpg\" data-width=\"2048\" data-height=\"2048\" aria-label=\"\" role=\"img\" ><\/div>\n\t\t\t\t\t\t\t\t\t\t\t<div class=\"elementor-gallery-item__overlay\"><\/div>\n\t\t\t\t\t\t\t\t\t\t\t\t\t\t<\/a>\n\t\t\t\t\t\t\t<a class=\"e-gallery-item elementor-gallery-item elementor-animated-content\" href=\"https:\/\/fcballkani.com\/wp-content\/uploads\/2022\/09\/11-min-2.jpg\" data-elementor-open-lightbox=\"yes\" data-elementor-lightbox-slideshow=\"245008c3\" data-elementor-lightbox-title=\"11-min\" data-e-action-hash=\"#elementor-action%3Aaction%3Dlightbox%26settings%3DeyJpZCI6ODczMSwidXJsIjoiaHR0cHM6XC9cL2ZjYmFsbGthbmkuY29tXC93cC1jb250ZW50XC91cGxvYWRzXC8yMDIyXC8wOVwvMTEtbWluLTIuanBnIiwic2xpZGVzaG93IjoiMjQ1MDA4YzMifQ%3D%3D\">\n\t\t\t\t\t<div class=\"e-gallery-image elementor-gallery-item__image\" data-thumbnail=\"https:\/\/fcballkani.com\/wp-content\/uploads\/2022\/09\/11-min-2.jpg\" data-width=\"2048\" data-height=\"2048\" aria-label=\"\" role=\"img\" ><\/div>\n\t\t\t\t\t\t\t\t\t\t\t<div class=\"elementor-gallery-item__overlay\"><\/div>\n\t\t\t\t\t\t\t\t\t\t\t\t\t\t<\/a>\n\t\t\t\t\t\t\t<a class=\"e-gallery-item elementor-gallery-item elementor-animated-content\" href=\"https:\/\/fcballkani.com\/wp-content\/uploads\/2022\/09\/12-min-2.jpg\" data-elementor-open-lightbox=\"yes\" data-elementor-lightbox-slideshow=\"245008c3\" data-elementor-lightbox-title=\"12-min\" data-e-action-hash=\"#elementor-action%3Aaction%3Dlightbox%26settings%3DeyJpZCI6ODczMiwidXJsIjoiaHR0cHM6XC9cL2ZjYmFsbGthbmkuY29tXC93cC1jb250ZW50XC91cGxvYWRzXC8yMDIyXC8wOVwvMTItbWluLTIuanBnIiwic2xpZGVzaG93IjoiMjQ1MDA4YzMifQ%3D%3D\">\n\t\t\t\t\t<div class=\"e-gallery-image elementor-gallery-item__image\" data-thumbnail=\"https:\/\/fcballkani.com\/wp-content\/uploads\/2022\/09\/12-min-2.jpg\" data-width=\"2048\" data-height=\"2048\" aria-label=\"\" role=\"img\" ><\/div>\n\t\t\t\t\t\t\t\t\t\t\t<div class=\"elementor-gallery-item__overlay\"><\/div>\n\t\t\t\t\t\t\t\t\t\t\t\t\t\t<\/a>\n\t\t\t\t\t\t\t<a class=\"e-gallery-item elementor-gallery-item elementor-animated-content\" href=\"https:\/\/fcballkani.com\/wp-content\/uploads\/2022\/09\/13-min-2.jpg\" data-elementor-open-lightbox=\"yes\" data-elementor-lightbox-slideshow=\"245008c3\" data-elementor-lightbox-title=\"13-min\" data-e-action-hash=\"#elementor-action%3Aaction%3Dlightbox%26settings%3DeyJpZCI6ODczMywidXJsIjoiaHR0cHM6XC9cL2ZjYmFsbGthbmkuY29tXC93cC1jb250ZW50XC91cGxvYWRzXC8yMDIyXC8wOVwvMTMtbWluLTIuanBnIiwic2xpZGVzaG93IjoiMjQ1MDA4YzMifQ%3D%3D\">\n\t\t\t\t\t<div class=\"e-gallery-image elementor-gallery-item__image\" data-thumbnail=\"https:\/\/fcballkani.com\/wp-content\/uploads\/2022\/09\/13-min-2.jpg\" data-width=\"2048\" data-height=\"2048\" aria-label=\"\" role=\"img\" ><\/div>\n\t\t\t\t\t\t\t\t\t\t\t<div class=\"elementor-gallery-item__overlay\"><\/div>\n\t\t\t\t\t\t\t\t\t\t\t\t\t\t<\/a>\n\t\t\t\t\t\t\t<a class=\"e-gallery-item elementor-gallery-item elementor-animated-content\" href=\"https:\/\/fcballkani.com\/wp-content\/uploads\/2022\/09\/14-min-2.jpg\" data-elementor-open-lightbox=\"yes\" data-elementor-lightbox-slideshow=\"245008c3\" data-elementor-lightbox-title=\"14-min\" data-e-action-hash=\"#elementor-action%3Aaction%3Dlightbox%26settings%3DeyJpZCI6ODczNCwidXJsIjoiaHR0cHM6XC9cL2ZjYmFsbGthbmkuY29tXC93cC1jb250ZW50XC91cGxvYWRzXC8yMDIyXC8wOVwvMTQtbWluLTIuanBnIiwic2xpZGVzaG93IjoiMjQ1MDA4YzMifQ%3D%3D\">\n\t\t\t\t\t<div class=\"e-gallery-image elementor-gallery-item__image\" data-thumbnail=\"https:\/\/fcballkani.com\/wp-content\/uploads\/2022\/09\/14-min-2.jpg\" data-width=\"2048\" data-height=\"2048\" aria-label=\"\" role=\"img\" ><\/div>\n\t\t\t\t\t\t\t\t\t\t\t<div class=\"elementor-gallery-item__overlay\"><\/div>\n\t\t\t\t\t\t\t\t\t\t\t\t\t\t<\/a>\n\t\t\t\t\t<\/div>\n\t\t\t\t\t<\/div>\n\t\t\t\t<\/div>\n\t\t\t\t\t<\/div>\n\t\t<\/div>\n\t\t\t\t\t<\/div>\n\t\t<\/section>\n\t\t\t\t<\/div>","protected":false},"excerpt":{"rendered":"","protected":false},"author":1,"featured_media":0,"parent":0,"menu_order":0,"comment_status":"closed","ping_status":"closed","template":"","meta":{"footnotes":""},"class_list":["post-8719","page","type-page","status-publish","hentry"],"yoast_head":"<!-- This site is optimized with the Yoast SEO plugin v27.2 - https:\/\/yoast.com\/product\/yoast-seo-wordpress\/ -->\n<title>Ka p\u00ebrfunduar seanca e fundit st\u00ebrvitore para ndeshjes kund\u00ebr Prishtin\u00ebs. - FC BALLKANI<\/title>\n<meta name=\"robots\" content=\"index, follow, max-snippet:-1, max-image-preview:large, max-video-preview:-1\" \/>\n<link rel=\"canonical\" href=\"https:\/\/fcballkani.com\/en\/ka-perfunduar-seanca-e-fundit-stervitore-para-ndeshjes-kunder-prishtines\/\" \/>\n<meta property=\"og:locale\" content=\"en_US\" \/>\n<meta property=\"og:type\" content=\"article\" \/>\n<meta property=\"og:title\" content=\"Ka p\u00ebrfunduar seanca e fundit st\u00ebrvitore para ndeshjes kund\u00ebr Prishtin\u00ebs. - FC BALLKANI\" \/>\n<meta property=\"og:url\" content=\"https:\/\/fcballkani.com\/en\/ka-perfunduar-seanca-e-fundit-stervitore-para-ndeshjes-kunder-prishtines\/\" \/>\n<meta property=\"og:site_name\" content=\"FC BALLKANI\" \/>\n<meta property=\"article:publisher\" content=\"https:\/\/www.facebook.com\/fcballkani\" \/>\n<meta property=\"article:modified_time\" content=\"2022-09-09T08:03:37+00:00\" \/>\n<meta name=\"twitter:card\" content=\"summary_large_image\" \/>\n<script type=\"application\/ld+json\" class=\"yoast-schema-graph\">{\"@context\":\"https:\/\/schema.org\",\"@graph\":[{\"@type\":\"WebPage\",\"@id\":\"https:\/\/fcballkani.com\/ka-perfunduar-seanca-e-fundit-stervitore-para-ndeshjes-kunder-prishtines\/\",\"url\":\"https:\/\/fcballkani.com\/ka-perfunduar-seanca-e-fundit-stervitore-para-ndeshjes-kunder-prishtines\/\",\"name\":\"Ka p\u00ebrfunduar seanca e fundit st\u00ebrvitore para ndeshjes kund\u00ebr Prishtin\u00ebs. - FC BALLKANI\",\"isPartOf\":{\"@id\":\"https:\/\/fcballkani.com\/#website\"},\"datePublished\":\"2022-09-09T07:55:30+00:00\",\"dateModified\":\"2022-09-09T08:03:37+00:00\",\"breadcrumb\":{\"@id\":\"https:\/\/fcballkani.com\/ka-perfunduar-seanca-e-fundit-stervitore-para-ndeshjes-kunder-prishtines\/#breadcrumb\"},\"inLanguage\":\"en-US\",\"potentialAction\":[{\"@type\":\"ReadAction\",\"target\":[\"https:\/\/fcballkani.com\/ka-perfunduar-seanca-e-fundit-stervitore-para-ndeshjes-kunder-prishtines\/\"]}]},{\"@type\":\"BreadcrumbList\",\"@id\":\"https:\/\/fcballkani.com\/ka-perfunduar-seanca-e-fundit-stervitore-para-ndeshjes-kunder-prishtines\/#breadcrumb\",\"itemListElement\":[{\"@type\":\"ListItem\",\"position\":1,\"name\":\"Home\",\"item\":\"https:\/\/fcballkani.com\/\"},{\"@type\":\"ListItem\",\"position\":2,\"name\":\"Ka p\u00ebrfunduar seanca e fundit st\u00ebrvitore para ndeshjes kund\u00ebr Prishtin\u00ebs.\"}]},{\"@type\":\"WebSite\",\"@id\":\"https:\/\/fcballkani.com\/#website\",\"url\":\"https:\/\/fcballkani.com\/\",\"name\":\"FC BALLKANI\",\"description\":\"Football Club\",\"publisher\":{\"@id\":\"https:\/\/fcballkani.com\/#organization\"},\"potentialAction\":[{\"@type\":\"SearchAction\",\"target\":{\"@type\":\"EntryPoint\",\"urlTemplate\":\"https:\/\/fcballkani.com\/?s={search_term_string}\"},\"query-input\":{\"@type\":\"PropertyValueSpecification\",\"valueRequired\":true,\"valueName\":\"search_term_string\"}}],\"inLanguage\":\"en-US\"},{\"@type\":\"Organization\",\"@id\":\"https:\/\/fcballkani.com\/#organization\",\"name\":\"FC Ballkani\",\"url\":\"https:\/\/fcballkani.com\/\",\"logo\":{\"@type\":\"ImageObject\",\"inLanguage\":\"en-US\",\"@id\":\"https:\/\/fcballkani.com\/#\/schema\/logo\/image\/\",\"url\":\"https:\/\/fcballkani.com\/wp-content\/uploads\/2022\/07\/fc-ballkani.png\",\"contentUrl\":\"https:\/\/fcballkani.com\/wp-content\/uploads\/2022\/07\/fc-ballkani.png\",\"width\":642,\"height\":642,\"caption\":\"FC Ballkani\"},\"image\":{\"@id\":\"https:\/\/fcballkani.com\/#\/schema\/logo\/image\/\"},\"sameAs\":[\"https:\/\/www.facebook.com\/fcballkani\"]}]}<\/script>\n<!-- \/ Yoast SEO plugin. -->","yoast_head_json":{"title":"Ka p\u00ebrfunduar seanca e fundit st\u00ebrvitore para ndeshjes kund\u00ebr Prishtin\u00ebs. - FC BALLKANI","robots":{"index":"index","follow":"follow","max-snippet":"max-snippet:-1","max-image-preview":"max-image-preview:large","max-video-preview":"max-video-preview:-1"},"canonical":"https:\/\/fcballkani.com\/en\/ka-perfunduar-seanca-e-fundit-stervitore-para-ndeshjes-kunder-prishtines\/","og_locale":"en_US","og_type":"article","og_title":"Ka p\u00ebrfunduar seanca e fundit st\u00ebrvitore para ndeshjes kund\u00ebr Prishtin\u00ebs. - FC BALLKANI","og_url":"https:\/\/fcballkani.com\/en\/ka-perfunduar-seanca-e-fundit-stervitore-para-ndeshjes-kunder-prishtines\/","og_site_name":"FC BALLKANI","article_publisher":"https:\/\/www.facebook.com\/fcballkani","article_modified_time":"2022-09-09T08:03:37+00:00","twitter_card":"summary_large_image","schema":{"@context":"https:\/\/schema.org","@graph":[{"@type":"WebPage","@id":"https:\/\/fcballkani.com\/ka-perfunduar-seanca-e-fundit-stervitore-para-ndeshjes-kunder-prishtines\/","url":"https:\/\/fcballkani.com\/ka-perfunduar-seanca-e-fundit-stervitore-para-ndeshjes-kunder-prishtines\/","name":"Ka p\u00ebrfunduar seanca e fundit st\u00ebrvitore para ndeshjes kund\u00ebr Prishtin\u00ebs. - FC BALLKANI","isPartOf":{"@id":"https:\/\/fcballkani.com\/#website"},"datePublished":"2022-09-09T07:55:30+00:00","dateModified":"2022-09-09T08:03:37+00:00","breadcrumb":{"@id":"https:\/\/fcballkani.com\/ka-perfunduar-seanca-e-fundit-stervitore-para-ndeshjes-kunder-prishtines\/#breadcrumb"},"inLanguage":"en-US","potentialAction":[{"@type":"ReadAction","target":["https:\/\/fcballkani.com\/ka-perfunduar-seanca-e-fundit-stervitore-para-ndeshjes-kunder-prishtines\/"]}]},{"@type":"BreadcrumbList","@id":"https:\/\/fcballkani.com\/ka-perfunduar-seanca-e-fundit-stervitore-para-ndeshjes-kunder-prishtines\/#breadcrumb","itemListElement":[{"@type":"ListItem","position":1,"name":"Home","item":"https:\/\/fcballkani.com\/"},{"@type":"ListItem","position":2,"name":"Ka p\u00ebrfunduar seanca e fundit st\u00ebrvitore para ndeshjes kund\u00ebr Prishtin\u00ebs."}]},{"@type":"WebSite","@id":"https:\/\/fcballkani.com\/#website","url":"https:\/\/fcballkani.com\/","name":"FC BALLKANI","description":"Football Club","publisher":{"@id":"https:\/\/fcballkani.com\/#organization"},"potentialAction":[{"@type":"SearchAction","target":{"@type":"EntryPoint","urlTemplate":"https:\/\/fcballkani.com\/?s={search_term_string}"},"query-input":{"@type":"PropertyValueSpecification","valueRequired":true,"valueName":"search_term_string"}}],"inLanguage":"en-US"},{"@type":"Organization","@id":"https:\/\/fcballkani.com\/#organization","name":"FC Ballkani","url":"https:\/\/fcballkani.com\/","logo":{"@type":"ImageObject","inLanguage":"en-US","@id":"https:\/\/fcballkani.com\/#\/schema\/logo\/image\/","url":"https:\/\/fcballkani.com\/wp-content\/uploads\/2022\/07\/fc-ballkani.png","contentUrl":"https:\/\/fcballkani.com\/wp-content\/uploads\/2022\/07\/fc-ballkani.png","width":642,"height":642,"caption":"FC Ballkani"},"image":{"@id":"https:\/\/fcballkani.com\/#\/schema\/logo\/image\/"},"sameAs":["https:\/\/www.facebook.com\/fcballkani"]}]}},"_links":{"self":[{"href":"https:\/\/fcballkani.com\/en\/wp-json\/wp\/v2\/pages\/8719","targetHints":{"allow":["GET"]}}],"collection":[{"href":"https:\/\/fcballkani.com\/en\/wp-json\/wp\/v2\/pages"}],"about":[{"href":"https:\/\/fcballkani.com\/en\/wp-json\/wp\/v2\/types\/page"}],"author":[{"embeddable":true,"href":"https:\/\/fcballkani.com\/en\/wp-json\/wp\/v2\/users\/1"}],"replies":[{"embeddable":true,"href":"https:\/\/fcballkani.com\/en\/wp-json\/wp\/v2\/comments?post=8719"}],"version-history":[{"count":4,"href":"https:\/\/fcballkani.com\/en\/wp-json\/wp\/v2\/pages\/8719\/revisions"}],"predecessor-version":[{"id":8737,"href":"https:\/\/fcballkani.com\/en\/wp-json\/wp\/v2\/pages\/8719\/revisions\/8737"}],"wp:attachment":[{"href":"https:\/\/fcballkani.com\/en\/wp-json\/wp\/v2\/media?parent=8719"}],"curies":[{"name":"wp","href":"https:\/\/api.w.org\/{rel}","templated":true}]}}