{"id":7518,"date":"2022-09-05T11:32:46","date_gmt":"2022-09-05T11:32:46","guid":{"rendered":"https:\/\/fcballkani.com\/?page_id=7518"},"modified":"2023-10-23T13:03:49","modified_gmt":"2023-10-23T11:03:49","slug":"xhebrailat","status":"publish","type":"page","link":"https:\/\/fcballkani.com\/en\/xhebrailat\/","title":{"rendered":"Xhebrailat"},"content":{"rendered":"<div data-elementor-type=\"wp-page\" data-elementor-id=\"7518\" class=\"elementor elementor-7518\" data-elementor-post-type=\"page\">\n\t\t\t\t\t\t<section class=\"elementor-section elementor-top-section elementor-element elementor-element-c8188c0 elementor-section-boxed elementor-section-height-default elementor-section-height-default\" data-id=\"c8188c0\" data-element_type=\"section\" data-e-type=\"section\" data-settings=\"{&quot;background_background&quot;:&quot;classic&quot;}\">\n\t\t\t\t\t\t\t<div class=\"elementor-background-overlay\"><\/div>\n\t\t\t\t\t\t\t<div class=\"elementor-container elementor-column-gap-default\">\n\t\t\t\t\t<div class=\"elementor-column elementor-col-100 elementor-top-column elementor-element elementor-element-55532e3b\" data-id=\"55532e3b\" data-element_type=\"column\" data-e-type=\"column\">\n\t\t\t<div class=\"elementor-widget-wrap elementor-element-populated\">\n\t\t\t\t\t\t<section class=\"elementor-section elementor-inner-section elementor-element elementor-element-33279239 elementor-section-boxed elementor-section-height-default elementor-section-height-default\" data-id=\"33279239\" data-element_type=\"section\" data-e-type=\"section\">\n\t\t\t\t\t\t<div class=\"elementor-container elementor-column-gap-default\">\n\t\t\t\t\t<div class=\"elementor-column elementor-col-50 elementor-inner-column elementor-element elementor-element-1205e078\" data-id=\"1205e078\" data-element_type=\"column\" data-e-type=\"column\">\n\t\t\t<div class=\"elementor-widget-wrap elementor-element-populated\">\n\t\t\t\t\t\t<div class=\"elementor-element elementor-element-7a10f86 elementor-widget elementor-widget-image\" data-id=\"7a10f86\" data-element_type=\"widget\" data-e-type=\"widget\" data-widget_type=\"image.default\">\n\t\t\t\t<div class=\"elementor-widget-container\">\n\t\t\t\t\t\t\t\t\t\t\t\t\t\t\t<img fetchpriority=\"high\" decoding=\"async\" width=\"800\" height=\"800\" src=\"https:\/\/fcballkani.com\/wp-content\/uploads\/2022\/09\/Untitled-design-3-1024x1024.png\" class=\"attachment-large size-large wp-image-7611\" alt=\"\" srcset=\"https:\/\/fcballkani.com\/wp-content\/uploads\/2022\/09\/Untitled-design-3-1024x1024.png 1024w, https:\/\/fcballkani.com\/wp-content\/uploads\/2022\/09\/Untitled-design-3-300x300.png 300w, https:\/\/fcballkani.com\/wp-content\/uploads\/2022\/09\/Untitled-design-3-150x150.png 150w, https:\/\/fcballkani.com\/wp-content\/uploads\/2022\/09\/Untitled-design-3-768x768.png 768w, https:\/\/fcballkani.com\/wp-content\/uploads\/2022\/09\/Untitled-design-3.png 1080w\" sizes=\"(max-width: 800px) 100vw, 800px\" \/>\t\t\t\t\t\t\t\t\t\t\t\t\t\t\t<\/div>\n\t\t\t\t<\/div>\n\t\t\t\t<div class=\"elementor-element elementor-element-b225892 elementor-align-center elementor-widget elementor-widget-button\" data-id=\"b225892\" data-element_type=\"widget\" data-e-type=\"widget\" data-widget_type=\"button.default\">\n\t\t\t\t<div class=\"elementor-widget-container\">\n\t\t\t\t\t\t\t\t\t<div class=\"elementor-button-wrapper\">\n\t\t\t\t\t<a class=\"elementor-button elementor-button-link elementor-size-xs\" href=\"https:\/\/fcballkani.com\/en\/fotot-e-xhebrailave\/\">\n\t\t\t\t\t\t<span class=\"elementor-button-content-wrapper\">\n\t\t\t\t\t\t\t\t\t<span class=\"elementor-button-text\">Shiko fotot<\/span>\n\t\t\t\t\t<\/span>\n\t\t\t\t\t<\/a>\n\t\t\t\t<\/div>\n\t\t\t\t\t\t\t\t<\/div>\n\t\t\t\t<\/div>\n\t\t\t\t\t<\/div>\n\t\t<\/div>\n\t\t\t\t<div class=\"elementor-column elementor-col-50 elementor-inner-column elementor-element elementor-element-52de6fc1\" data-id=\"52de6fc1\" data-element_type=\"column\" data-e-type=\"column\">\n\t\t\t<div class=\"elementor-widget-wrap elementor-element-populated\">\n\t\t\t\t\t\t<div class=\"elementor-element elementor-element-4a12ec8d elementor-widget elementor-widget-heading\" data-id=\"4a12ec8d\" data-element_type=\"widget\" data-e-type=\"widget\" data-widget_type=\"heading.default\">\n\t\t\t\t<div class=\"elementor-widget-container\">\n\t\t\t\t\t<h2 class=\"elementor-heading-title elementor-size-default\">Tifoz\u00ebt e klubit \"Xhebrailat\"<\/h2>\t\t\t\t<\/div>\n\t\t\t\t<\/div>\n\t\t\t\t<div class=\"elementor-element elementor-element-4742bf84 elementor-widget elementor-widget-text-editor\" data-id=\"4742bf84\" data-element_type=\"widget\" data-e-type=\"widget\" data-widget_type=\"text-editor.default\">\n\t\t\t\t<div class=\"elementor-widget-container\">\n\t\t\t\t\t\t\t\t\tOn September 12, 1992, when everything was done and lived \"today for tomorrow\", a group of young people from Suhareka decided that the cheering and support of the clubs should be organized. From that day on, their name would be \"Jebraila\" and the logo consisted of a Gabriel with his eyes on the next opponent for the Suharek teams.<br><br>\n\nIn that world, tournaments were organized in small football, which were massive. One of the most charming teams of the time was called \"Jebrailat\". From that team came the name of the fans. However, the first logo created for our fan group was made by one of the first pioneers of comics design in Kosovo, Bujar Kabashi, who today is a well-known producer with many international awards.<br><br>\n\nMaybe at the time when everyone thought how to save their heads, the boys of Suhareka who had split their minds to continue the sport, \"Balkani\" would now be called \"Suhareka\", while the basketball players still had the name \"Ylli\", they would be left behind Gabriel.<br><br>\n\nIn every corner of Kosovo, matches were played on several fields\/meadows, and basketball was played in the halls of primary and secondary schools secretly. But the Jabrailas did not care if they were caught by the Serbian occupiers, if they were beaten to death or even spent days in prison. They traveled far and wide to support our clubs. At that time, the football field in Studenqan was the Djebraila arena, where the opponents were terrified because they could hardly get a victory from the Suhareks.\t\t\t\t\t\t\t\t<\/div>\n\t\t\t\t<\/div>\n\t\t\t\t<div class=\"elementor-element elementor-element-1c1698f elementor-widget elementor-widget-toggle\" data-id=\"1c1698f\" data-element_type=\"widget\" data-e-type=\"widget\" data-widget_type=\"toggle.default\">\n\t\t\t\t<div class=\"elementor-widget-container\">\n\t\t\t\t\t\t\t<div class=\"elementor-toggle\">\n\t\t\t\t\t\t\t<div class=\"elementor-toggle-item\">\n\t\t\t\t\t<div id=\"elementor-tab-title-2941\" class=\"elementor-tab-title\" data-tab=\"1\" role=\"button\" aria-controls=\"elementor-tab-content-2941\" aria-expanded=\"false\">\n\t\t\t\t\t\t\t\t\t\t\t\t<a class=\"elementor-toggle-title\" tabindex=\"0\">Read more <\/a>\n\t\t\t\t\t<\/div>\n\n\t\t\t\t\t<div id=\"elementor-tab-content-2941\" class=\"elementor-tab-content elementor-clearfix\" data-tab=\"1\" role=\"region\" aria-labelledby=\"elementor-tab-title-2941\"><p><br \/>Paslufta gjeti Xhebrailat n\u00eb Suharek\u00eb p\u00ebrs\u00ebri. Qyteti ishte djegur, e shum\u00eb qytetar\u00eb q\u00eb ishin xhebraila, kishin kaluar n\u00eb amshim p\u00ebr t\u00eb \u00e7liruar vendin, q\u00eb edhe sporti t\u00eb luhej n\u00eb liri.<\/p><p>\u201cBallkani\u201d e \u201cYlli\u201d shpejt u kthyen. Ndeshjet e futbollit n\u00eb stadiumin q\u00eb ndryshon shum\u00eb nga ai q\u00eb \u00ebsht\u00eb sot, ishin nj\u00eb nga atraksionet m\u00eb t\u00eb m\u00ebdha. Her\u00ebt duhej shkuar n\u00eb pjes\u00ebn e stadiumit q\u00eb kapet me pyll, ku duhej t\u00eb siguroje nj\u00eb vend pran\u00eb mbrojtseve t\u00eb stadiumit, apo n\u00eb ndonj\u00eb cep ballkoni t\u00eb sht\u00ebpive pran\u00eb. Teksa, Prizreni mbushej saher\u00eb \u201cYlli\u201d kishte ndeshjen e radh\u00ebs si vendas.<\/p><p>Maicat e para t\u00eb Xhebrailave pasluft\u00ebs ishin autentiket q\u00eb vazhdojn\u00eb dhe sot. Portokallia mbulohet me vijat e zeza q\u00eb formojn\u00eb xhebrailin ton\u00eb.<\/p><p>Gjithmon\u00eb organizimi ishte i madh, autobus\u00eb t\u00eb shumt\u00eb niseshin nga Suhareka n\u00ebp\u00ebr qytete dhe portokallija jon\u00eb n\u00eb maica shk\u00eblqente.<\/p><\/div>\n\t\t\t\t<\/div>\n\t\t\t\t\t\t\t\t<\/div>\n\t\t\t\t\t\t<\/div>\n\t\t\t\t<\/div>\n\t\t\t\t\t<\/div>\n\t\t<\/div>\n\t\t\t\t\t<\/div>\n\t\t<\/section>\n\t\t\t\t\t<\/div>\n\t\t<\/div>\n\t\t\t\t\t<\/div>\n\t\t<\/section>\n\t\t\t\t<\/div>","protected":false},"excerpt":{"rendered":"<p>Shiko fotot Tifoz\u00ebt e klubit &#8220;Xhebrailat&#8221; M\u00eb 12 shtator 1992, kur gjith\u00e7ka b\u00ebhej dhe jetohej \u201csot p\u00ebr nes\u00ebr\u201d, nj\u00eb grup t\u00eb rinj\u00ebsh nga Suhareka vendos\u00ebn q\u00eb brohoritjet dhe p\u00ebrkrahja e klubeve t\u00eb b\u00ebhet n\u00eb m\u00ebnyr\u00eb t\u00eb organizuar. Emri i tyre prej asaj dite do t\u00eb ishte \u201cXhebraila\u201d dhe logoja p\u00ebrb\u00ebhej nga nj\u00eb xhebrail q\u00eb syt\u00eb [&hellip;]<\/p>\n","protected":false},"author":1,"featured_media":0,"parent":0,"menu_order":0,"comment_status":"closed","ping_status":"closed","template":"","meta":{"footnotes":""},"class_list":["post-7518","page","type-page","status-publish","hentry"],"yoast_head":"<!-- This site is optimized with the Yoast SEO plugin v27.2 - https:\/\/yoast.com\/product\/yoast-seo-wordpress\/ -->\n<title>Xhebrailat - FC BALLKANI<\/title>\n<meta name=\"robots\" content=\"index, follow, max-snippet:-1, max-image-preview:large, max-video-preview:-1\" \/>\n<link rel=\"canonical\" href=\"https:\/\/fcballkani.com\/en\/xhebrailat\/\" \/>\n<meta property=\"og:locale\" content=\"en_US\" \/>\n<meta property=\"og:type\" content=\"article\" \/>\n<meta property=\"og:title\" content=\"Xhebrailat - FC BALLKANI\" \/>\n<meta property=\"og:description\" content=\"Shiko fotot Tifoz\u00ebt e klubit &#8220;Xhebrailat&#8221; M\u00eb 12 shtator 1992, kur gjith\u00e7ka b\u00ebhej dhe jetohej \u201csot p\u00ebr nes\u00ebr\u201d, nj\u00eb grup t\u00eb rinj\u00ebsh nga Suhareka vendos\u00ebn q\u00eb brohoritjet dhe p\u00ebrkrahja e klubeve t\u00eb b\u00ebhet n\u00eb m\u00ebnyr\u00eb t\u00eb organizuar. Emri i tyre prej asaj dite do t\u00eb ishte \u201cXhebraila\u201d dhe logoja p\u00ebrb\u00ebhej nga nj\u00eb xhebrail q\u00eb syt\u00eb [&hellip;]\" \/>\n<meta property=\"og:url\" content=\"https:\/\/fcballkani.com\/en\/xhebrailat\/\" \/>\n<meta property=\"og:site_name\" content=\"FC BALLKANI\" \/>\n<meta property=\"article:publisher\" content=\"https:\/\/www.facebook.com\/fcballkani\" \/>\n<meta property=\"article:modified_time\" content=\"2023-10-23T11:03:49+00:00\" \/>\n<meta property=\"og:image\" content=\"https:\/\/fcballkani.com\/wp-content\/uploads\/2022\/09\/Untitled-design-3.png\" \/>\n\t<meta property=\"og:image:width\" content=\"1080\" \/>\n\t<meta property=\"og:image:height\" content=\"1080\" \/>\n\t<meta property=\"og:image:type\" content=\"image\/png\" \/>\n<meta name=\"twitter:card\" content=\"summary_large_image\" \/>\n<meta name=\"twitter:label1\" content=\"Est. reading time\" \/>\n\t<meta name=\"twitter:data1\" content=\"2 minutes\" \/>\n<script type=\"application\/ld+json\" class=\"yoast-schema-graph\">{\"@context\":\"https:\/\/schema.org\",\"@graph\":[{\"@type\":\"WebPage\",\"@id\":\"https:\/\/fcballkani.com\/xhebrailat\/\",\"url\":\"https:\/\/fcballkani.com\/xhebrailat\/\",\"name\":\"Xhebrailat - FC BALLKANI\",\"isPartOf\":{\"@id\":\"https:\/\/fcballkani.com\/#website\"},\"primaryImageOfPage\":{\"@id\":\"https:\/\/fcballkani.com\/xhebrailat\/#primaryimage\"},\"image\":{\"@id\":\"https:\/\/fcballkani.com\/xhebrailat\/#primaryimage\"},\"thumbnailUrl\":\"https:\/\/fcballkani.com\/wp-content\/uploads\/2022\/09\/Untitled-design-3-1024x1024.png\",\"datePublished\":\"2022-09-05T11:32:46+00:00\",\"dateModified\":\"2023-10-23T11:03:49+00:00\",\"breadcrumb\":{\"@id\":\"https:\/\/fcballkani.com\/xhebrailat\/#breadcrumb\"},\"inLanguage\":\"en-US\",\"potentialAction\":[{\"@type\":\"ReadAction\",\"target\":[\"https:\/\/fcballkani.com\/xhebrailat\/\"]}]},{\"@type\":\"ImageObject\",\"inLanguage\":\"en-US\",\"@id\":\"https:\/\/fcballkani.com\/xhebrailat\/#primaryimage\",\"url\":\"https:\/\/fcballkani.com\/wp-content\/uploads\/2022\/09\/Untitled-design-3-1024x1024.png\",\"contentUrl\":\"https:\/\/fcballkani.com\/wp-content\/uploads\/2022\/09\/Untitled-design-3-1024x1024.png\"},{\"@type\":\"BreadcrumbList\",\"@id\":\"https:\/\/fcballkani.com\/xhebrailat\/#breadcrumb\",\"itemListElement\":[{\"@type\":\"ListItem\",\"position\":1,\"name\":\"Home\",\"item\":\"https:\/\/fcballkani.com\/\"},{\"@type\":\"ListItem\",\"position\":2,\"name\":\"Xhebrailat\"}]},{\"@type\":\"WebSite\",\"@id\":\"https:\/\/fcballkani.com\/#website\",\"url\":\"https:\/\/fcballkani.com\/\",\"name\":\"FC BALLKANI\",\"description\":\"Football Club\",\"publisher\":{\"@id\":\"https:\/\/fcballkani.com\/#organization\"},\"potentialAction\":[{\"@type\":\"SearchAction\",\"target\":{\"@type\":\"EntryPoint\",\"urlTemplate\":\"https:\/\/fcballkani.com\/?s={search_term_string}\"},\"query-input\":{\"@type\":\"PropertyValueSpecification\",\"valueRequired\":true,\"valueName\":\"search_term_string\"}}],\"inLanguage\":\"en-US\"},{\"@type\":\"Organization\",\"@id\":\"https:\/\/fcballkani.com\/#organization\",\"name\":\"FC Ballkani\",\"url\":\"https:\/\/fcballkani.com\/\",\"logo\":{\"@type\":\"ImageObject\",\"inLanguage\":\"en-US\",\"@id\":\"https:\/\/fcballkani.com\/#\/schema\/logo\/image\/\",\"url\":\"https:\/\/fcballkani.com\/wp-content\/uploads\/2022\/07\/fc-ballkani.png\",\"contentUrl\":\"https:\/\/fcballkani.com\/wp-content\/uploads\/2022\/07\/fc-ballkani.png\",\"width\":642,\"height\":642,\"caption\":\"FC Ballkani\"},\"image\":{\"@id\":\"https:\/\/fcballkani.com\/#\/schema\/logo\/image\/\"},\"sameAs\":[\"https:\/\/www.facebook.com\/fcballkani\"]}]}<\/script>\n<!-- \/ Yoast SEO plugin. -->","yoast_head_json":{"title":"Xhebrailat - FC BALLKANI","robots":{"index":"index","follow":"follow","max-snippet":"max-snippet:-1","max-image-preview":"max-image-preview:large","max-video-preview":"max-video-preview:-1"},"canonical":"https:\/\/fcballkani.com\/en\/xhebrailat\/","og_locale":"en_US","og_type":"article","og_title":"Xhebrailat - FC BALLKANI","og_description":"Shiko fotot Tifoz\u00ebt e klubit &#8220;Xhebrailat&#8221; M\u00eb 12 shtator 1992, kur gjith\u00e7ka b\u00ebhej dhe jetohej \u201csot p\u00ebr nes\u00ebr\u201d, nj\u00eb grup t\u00eb rinj\u00ebsh nga Suhareka vendos\u00ebn q\u00eb brohoritjet dhe p\u00ebrkrahja e klubeve t\u00eb b\u00ebhet n\u00eb m\u00ebnyr\u00eb t\u00eb organizuar. Emri i tyre prej asaj dite do t\u00eb ishte \u201cXhebraila\u201d dhe logoja p\u00ebrb\u00ebhej nga nj\u00eb xhebrail q\u00eb syt\u00eb [&hellip;]","og_url":"https:\/\/fcballkani.com\/en\/xhebrailat\/","og_site_name":"FC BALLKANI","article_publisher":"https:\/\/www.facebook.com\/fcballkani","article_modified_time":"2023-10-23T11:03:49+00:00","og_image":[{"width":1080,"height":1080,"url":"https:\/\/fcballkani.com\/wp-content\/uploads\/2022\/09\/Untitled-design-3.png","type":"image\/png"}],"twitter_card":"summary_large_image","twitter_misc":{"Est. reading time":"2 minutes"},"schema":{"@context":"https:\/\/schema.org","@graph":[{"@type":"WebPage","@id":"https:\/\/fcballkani.com\/xhebrailat\/","url":"https:\/\/fcballkani.com\/xhebrailat\/","name":"Xhebrailat - FC BALLKANI","isPartOf":{"@id":"https:\/\/fcballkani.com\/#website"},"primaryImageOfPage":{"@id":"https:\/\/fcballkani.com\/xhebrailat\/#primaryimage"},"image":{"@id":"https:\/\/fcballkani.com\/xhebrailat\/#primaryimage"},"thumbnailUrl":"https:\/\/fcballkani.com\/wp-content\/uploads\/2022\/09\/Untitled-design-3-1024x1024.png","datePublished":"2022-09-05T11:32:46+00:00","dateModified":"2023-10-23T11:03:49+00:00","breadcrumb":{"@id":"https:\/\/fcballkani.com\/xhebrailat\/#breadcrumb"},"inLanguage":"en-US","potentialAction":[{"@type":"ReadAction","target":["https:\/\/fcballkani.com\/xhebrailat\/"]}]},{"@type":"ImageObject","inLanguage":"en-US","@id":"https:\/\/fcballkani.com\/xhebrailat\/#primaryimage","url":"https:\/\/fcballkani.com\/wp-content\/uploads\/2022\/09\/Untitled-design-3-1024x1024.png","contentUrl":"https:\/\/fcballkani.com\/wp-content\/uploads\/2022\/09\/Untitled-design-3-1024x1024.png"},{"@type":"BreadcrumbList","@id":"https:\/\/fcballkani.com\/xhebrailat\/#breadcrumb","itemListElement":[{"@type":"ListItem","position":1,"name":"Home","item":"https:\/\/fcballkani.com\/"},{"@type":"ListItem","position":2,"name":"Xhebrailat"}]},{"@type":"WebSite","@id":"https:\/\/fcballkani.com\/#website","url":"https:\/\/fcballkani.com\/","name":"FC BALLKANI","description":"Football Club","publisher":{"@id":"https:\/\/fcballkani.com\/#organization"},"potentialAction":[{"@type":"SearchAction","target":{"@type":"EntryPoint","urlTemplate":"https:\/\/fcballkani.com\/?s={search_term_string}"},"query-input":{"@type":"PropertyValueSpecification","valueRequired":true,"valueName":"search_term_string"}}],"inLanguage":"en-US"},{"@type":"Organization","@id":"https:\/\/fcballkani.com\/#organization","name":"FC Ballkani","url":"https:\/\/fcballkani.com\/","logo":{"@type":"ImageObject","inLanguage":"en-US","@id":"https:\/\/fcballkani.com\/#\/schema\/logo\/image\/","url":"https:\/\/fcballkani.com\/wp-content\/uploads\/2022\/07\/fc-ballkani.png","contentUrl":"https:\/\/fcballkani.com\/wp-content\/uploads\/2022\/07\/fc-ballkani.png","width":642,"height":642,"caption":"FC Ballkani"},"image":{"@id":"https:\/\/fcballkani.com\/#\/schema\/logo\/image\/"},"sameAs":["https:\/\/www.facebook.com\/fcballkani"]}]}},"_links":{"self":[{"href":"https:\/\/fcballkani.com\/en\/wp-json\/wp\/v2\/pages\/7518","targetHints":{"allow":["GET"]}}],"collection":[{"href":"https:\/\/fcballkani.com\/en\/wp-json\/wp\/v2\/pages"}],"about":[{"href":"https:\/\/fcballkani.com\/en\/wp-json\/wp\/v2\/types\/page"}],"author":[{"embeddable":true,"href":"https:\/\/fcballkani.com\/en\/wp-json\/wp\/v2\/users\/1"}],"replies":[{"embeddable":true,"href":"https:\/\/fcballkani.com\/en\/wp-json\/wp\/v2\/comments?post=7518"}],"version-history":[{"count":91,"href":"https:\/\/fcballkani.com\/en\/wp-json\/wp\/v2\/pages\/7518\/revisions"}],"predecessor-version":[{"id":16355,"href":"https:\/\/fcballkani.com\/en\/wp-json\/wp\/v2\/pages\/7518\/revisions\/16355"}],"wp:attachment":[{"href":"https:\/\/fcballkani.com\/en\/wp-json\/wp\/v2\/media?parent=7518"}],"curies":[{"name":"wp","href":"https:\/\/api.w.org\/{rel}","templated":true}]}}