{"id":6636,"date":"2022-09-03T13:26:28","date_gmt":"2022-09-03T13:26:28","guid":{"rendered":"https:\/\/fcballkani.com\/?page_id=6636"},"modified":"2022-09-30T10:01:02","modified_gmt":"2022-09-30T10:01:02","slug":"cima-construction","status":"publish","type":"page","link":"https:\/\/fcballkani.com\/en\/cima-construction\/","title":{"rendered":"Cima Construction"},"content":{"rendered":"<div data-elementor-type=\"wp-page\" data-elementor-id=\"6636\" class=\"elementor elementor-6636\" data-elementor-post-type=\"page\">\n\t\t\t\t\t\t<section class=\"elementor-section elementor-top-section elementor-element elementor-element-7bf8d0f elementor-section-height-full elementor-section-boxed elementor-section-height-default elementor-section-items-middle\" data-id=\"7bf8d0f\" data-element_type=\"section\" data-e-type=\"section\" data-settings=\"{&quot;background_background&quot;:&quot;classic&quot;}\">\n\t\t\t\t\t\t\t<div class=\"elementor-background-overlay\"><\/div>\n\t\t\t\t\t\t\t<div class=\"elementor-container elementor-column-gap-default\">\n\t\t\t\t\t<div class=\"elementor-column elementor-col-100 elementor-top-column elementor-element elementor-element-f80dd8d\" data-id=\"f80dd8d\" data-element_type=\"column\" data-e-type=\"column\">\n\t\t\t<div class=\"elementor-widget-wrap elementor-element-populated\">\n\t\t\t\t\t\t<section class=\"elementor-section elementor-inner-section elementor-element elementor-element-e3db6e2 elementor-section-boxed elementor-section-height-default elementor-section-height-default\" data-id=\"e3db6e2\" data-element_type=\"section\" data-e-type=\"section\">\n\t\t\t\t\t\t<div class=\"elementor-container elementor-column-gap-default\">\n\t\t\t\t\t<div class=\"elementor-column elementor-col-50 elementor-inner-column elementor-element elementor-element-5ac18b9\" data-id=\"5ac18b9\" data-element_type=\"column\" data-e-type=\"column\">\n\t\t\t<div class=\"elementor-widget-wrap elementor-element-populated\">\n\t\t\t\t\t\t<div class=\"elementor-element elementor-element-2d3eb2e elementor-widget elementor-widget-image\" data-id=\"2d3eb2e\" data-element_type=\"widget\" data-e-type=\"widget\" data-widget_type=\"image.default\">\n\t\t\t\t<div class=\"elementor-widget-container\">\n\t\t\t\t\t\t\t\t\t\t\t\t\t\t\t<img fetchpriority=\"high\" decoding=\"async\" width=\"800\" height=\"872\" src=\"https:\/\/fcballkani.com\/wp-content\/uploads\/2022\/07\/LOGO-CIMA-CONSTRUCTION-939x1024.png\" class=\"attachment-large size-large wp-image-2576\" alt=\"\" srcset=\"https:\/\/fcballkani.com\/wp-content\/uploads\/2022\/07\/LOGO-CIMA-CONSTRUCTION-939x1024.png 939w, https:\/\/fcballkani.com\/wp-content\/uploads\/2022\/07\/LOGO-CIMA-CONSTRUCTION-275x300.png 275w, https:\/\/fcballkani.com\/wp-content\/uploads\/2022\/07\/LOGO-CIMA-CONSTRUCTION-768x837.png 768w, https:\/\/fcballkani.com\/wp-content\/uploads\/2022\/07\/LOGO-CIMA-CONSTRUCTION-1409x1536.png 1409w, https:\/\/fcballkani.com\/wp-content\/uploads\/2022\/07\/LOGO-CIMA-CONSTRUCTION-1878x2048.png 1878w\" sizes=\"(max-width: 800px) 100vw, 800px\" \/>\t\t\t\t\t\t\t\t\t\t\t\t\t\t\t<\/div>\n\t\t\t\t<\/div>\n\t\t\t\t<div class=\"elementor-element elementor-element-fdd214d elementor-icon-list--layout-traditional elementor-list-item-link-full_width elementor-widget elementor-widget-icon-list\" data-id=\"fdd214d\" data-element_type=\"widget\" data-e-type=\"widget\" data-widget_type=\"icon-list.default\">\n\t\t\t\t<div class=\"elementor-widget-container\">\n\t\t\t\t\t\t\t<ul class=\"elementor-icon-list-items\">\n\t\t\t\t\t\t\t<li class=\"elementor-icon-list-item\">\n\t\t\t\t\t\t\t\t\t\t\t<a href=\"tel:+383%2049%2050%2090%2090\">\n\n\t\t\t\t\t\t\t\t\t\t\t\t<span class=\"elementor-icon-list-icon\">\n\t\t\t\t\t\t\t<i aria-hidden=\"true\" class=\"fas fa-phone-alt\"><\/i>\t\t\t\t\t\t<\/span>\n\t\t\t\t\t\t\t\t\t\t<span class=\"elementor-icon-list-text\">+383 49 50 90 90<\/span>\n\t\t\t\t\t\t\t\t\t\t\t<\/a>\n\t\t\t\t\t\t\t\t\t<\/li>\n\t\t\t\t\t\t\t\t<li class=\"elementor-icon-list-item\">\n\t\t\t\t\t\t\t\t\t\t\t<a href=\"mailto:%20info@cimaks.com\">\n\n\t\t\t\t\t\t\t\t\t\t\t\t<span class=\"elementor-icon-list-icon\">\n\t\t\t\t\t\t\t<i aria-hidden=\"true\" class=\"fas fa-envelope\"><\/i>\t\t\t\t\t\t<\/span>\n\t\t\t\t\t\t\t\t\t\t<span class=\"elementor-icon-list-text\">info@cimaks.com<\/span>\n\t\t\t\t\t\t\t\t\t\t\t<\/a>\n\t\t\t\t\t\t\t\t\t<\/li>\n\t\t\t\t\t\t\t\t<li class=\"elementor-icon-list-item\">\n\t\t\t\t\t\t\t\t\t\t\t<a href=\"https:\/\/www.cimaks.com\/\">\n\n\t\t\t\t\t\t\t\t\t\t\t\t<span class=\"elementor-icon-list-icon\">\n\t\t\t\t\t\t\t<i aria-hidden=\"true\" class=\"fas fa-globe\"><\/i>\t\t\t\t\t\t<\/span>\n\t\t\t\t\t\t\t\t\t\t<span class=\"elementor-icon-list-text\">www.cimaks.com<\/span>\n\t\t\t\t\t\t\t\t\t\t\t<\/a>\n\t\t\t\t\t\t\t\t\t<\/li>\n\t\t\t\t\t\t<\/ul>\n\t\t\t\t\t\t<\/div>\n\t\t\t\t<\/div>\n\t\t\t\t\t<\/div>\n\t\t<\/div>\n\t\t\t\t<div class=\"elementor-column elementor-col-50 elementor-inner-column elementor-element elementor-element-4c932b4\" data-id=\"4c932b4\" data-element_type=\"column\" data-e-type=\"column\">\n\t\t\t<div class=\"elementor-widget-wrap elementor-element-populated\">\n\t\t\t\t\t\t<div class=\"elementor-element elementor-element-916afe7 elementor-widget elementor-widget-text-editor\" data-id=\"916afe7\" data-element_type=\"widget\" data-e-type=\"widget\" data-widget_type=\"text-editor.default\">\n\t\t\t\t<div class=\"elementor-widget-container\">\n\t\t\t\t\t\t\t\t\t<p>Cima construction is a construction company that designs and builds commercial and residential buildings and sells them throughout Kosovo.<br \/>In 2017, the Cima Construction company undertakes the privatization of the Balkan football club from Suhareka.<br \/>With the takeover of the FC Balkani club owned by the Cima Construction company, the club managed to organize itself very well for competitions in local football, and for a short time managed to be the main competitor for the title in the Kosovo super league.<\/p>\t\t\t\t\t\t\t\t<\/div>\n\t\t\t\t<\/div>\n\t\t\t\t<div class=\"elementor-element elementor-element-01b603b elementor-widget elementor-widget-text-editor\" data-id=\"01b603b\" data-element_type=\"widget\" data-e-type=\"widget\" data-widget_type=\"text-editor.default\">\n\t\t\t\t<div class=\"elementor-widget-container\">\n\t\t\t\t\t\t\t\t\t<p>In 2022, Fc Balkani for the first time wins the title of Champion in the BKT Super League of Kosovo and for the first time also participates in the international football competitions in the UEFA Champions League, achieving a great success for Kosovar football by moving into the groups of the UEFA Conference League.<\/p>\t\t\t\t\t\t\t\t<\/div>\n\t\t\t\t<\/div>\n\t\t\t\t\t<\/div>\n\t\t<\/div>\n\t\t\t\t\t<\/div>\n\t\t<\/section>\n\t\t\t\t\t<\/div>\n\t\t<\/div>\n\t\t\t\t\t<\/div>\n\t\t<\/section>\n\t\t\t\t<\/div>","protected":false},"excerpt":{"rendered":"<p>+383 49 50 90 90 info@cimaks.com www.cimaks.com Cima construction \u00ebsht\u00eb kompani nd\u00ebrtimore e cila b\u00ebn\u00eb projektimin dhe nd\u00ebrtimin e objekteve afaristo banesore dhe shitjen e tyre n\u00eb gjith\u00eb Kosov\u00ebn.N\u00eb vitin 2017 kompania Cima Construction merr p\u00ebr sip\u00ebr privatizimin e klubit futbollistik Ballkani nga Suhareka.Me marrjen e klubit FC Ballkani n\u00eb pron\u00ebsi t\u00eb kompanis\u00eb Cima Construction, [&hellip;]<\/p>\n","protected":false},"author":1,"featured_media":0,"parent":0,"menu_order":0,"comment_status":"closed","ping_status":"closed","template":"","meta":{"footnotes":""},"class_list":["post-6636","page","type-page","status-publish","hentry"],"yoast_head":"<!-- This site is optimized with the Yoast SEO plugin v27.2 - https:\/\/yoast.com\/product\/yoast-seo-wordpress\/ -->\n<title>Cima Construction - FC BALLKANI<\/title>\n<meta name=\"robots\" content=\"index, follow, max-snippet:-1, max-image-preview:large, max-video-preview:-1\" \/>\n<link rel=\"canonical\" href=\"https:\/\/fcballkani.com\/en\/cima-construction\/\" \/>\n<meta property=\"og:locale\" content=\"en_US\" \/>\n<meta property=\"og:type\" content=\"article\" \/>\n<meta property=\"og:title\" content=\"Cima Construction - FC BALLKANI\" \/>\n<meta property=\"og:description\" content=\"+383 49 50 90 90 info@cimaks.com www.cimaks.com Cima construction \u00ebsht\u00eb kompani nd\u00ebrtimore e cila b\u00ebn\u00eb projektimin dhe nd\u00ebrtimin e objekteve afaristo banesore dhe shitjen e tyre n\u00eb gjith\u00eb Kosov\u00ebn.N\u00eb vitin 2017 kompania Cima Construction merr p\u00ebr sip\u00ebr privatizimin e klubit futbollistik Ballkani nga Suhareka.Me marrjen e klubit FC Ballkani n\u00eb pron\u00ebsi t\u00eb kompanis\u00eb Cima Construction, [&hellip;]\" \/>\n<meta property=\"og:url\" content=\"https:\/\/fcballkani.com\/en\/cima-construction\/\" \/>\n<meta property=\"og:site_name\" content=\"FC BALLKANI\" \/>\n<meta property=\"article:publisher\" content=\"https:\/\/www.facebook.com\/fcballkani\" \/>\n<meta property=\"article:modified_time\" content=\"2022-09-30T10:01:02+00:00\" \/>\n<meta property=\"og:image\" content=\"https:\/\/fcballkani.com\/wp-content\/uploads\/2022\/07\/LOGO-CIMA-CONSTRUCTION.png\" \/>\n\t<meta property=\"og:image:width\" content=\"2500\" \/>\n\t<meta property=\"og:image:height\" content=\"2726\" \/>\n\t<meta property=\"og:image:type\" content=\"image\/png\" \/>\n<meta name=\"twitter:card\" content=\"summary_large_image\" \/>\n<meta name=\"twitter:label1\" content=\"Est. reading time\" \/>\n\t<meta name=\"twitter:data1\" content=\"1 minute\" \/>\n<script type=\"application\/ld+json\" class=\"yoast-schema-graph\">{\"@context\":\"https:\/\/schema.org\",\"@graph\":[{\"@type\":\"WebPage\",\"@id\":\"https:\/\/fcballkani.com\/en\/cima-construction\/\",\"url\":\"https:\/\/fcballkani.com\/en\/cima-construction\/\",\"name\":\"Cima Construction - FC BALLKANI\",\"isPartOf\":{\"@id\":\"https:\/\/fcballkani.com\/#website\"},\"primaryImageOfPage\":{\"@id\":\"https:\/\/fcballkani.com\/en\/cima-construction\/#primaryimage\"},\"image\":{\"@id\":\"https:\/\/fcballkani.com\/en\/cima-construction\/#primaryimage\"},\"thumbnailUrl\":\"https:\/\/fcballkani.com\/wp-content\/uploads\/2022\/07\/LOGO-CIMA-CONSTRUCTION-939x1024.png\",\"datePublished\":\"2022-09-03T13:26:28+00:00\",\"dateModified\":\"2022-09-30T10:01:02+00:00\",\"breadcrumb\":{\"@id\":\"https:\/\/fcballkani.com\/en\/cima-construction\/#breadcrumb\"},\"inLanguage\":\"en-US\",\"potentialAction\":[{\"@type\":\"ReadAction\",\"target\":[\"https:\/\/fcballkani.com\/en\/cima-construction\/\"]}]},{\"@type\":\"ImageObject\",\"inLanguage\":\"en-US\",\"@id\":\"https:\/\/fcballkani.com\/en\/cima-construction\/#primaryimage\",\"url\":\"https:\/\/fcballkani.com\/wp-content\/uploads\/2022\/07\/LOGO-CIMA-CONSTRUCTION-939x1024.png\",\"contentUrl\":\"https:\/\/fcballkani.com\/wp-content\/uploads\/2022\/07\/LOGO-CIMA-CONSTRUCTION-939x1024.png\"},{\"@type\":\"BreadcrumbList\",\"@id\":\"https:\/\/fcballkani.com\/en\/cima-construction\/#breadcrumb\",\"itemListElement\":[{\"@type\":\"ListItem\",\"position\":1,\"name\":\"Home\",\"item\":\"https:\/\/fcballkani.com\/\"},{\"@type\":\"ListItem\",\"position\":2,\"name\":\"Cima Construction\"}]},{\"@type\":\"WebSite\",\"@id\":\"https:\/\/fcballkani.com\/#website\",\"url\":\"https:\/\/fcballkani.com\/\",\"name\":\"FC BALLKANI\",\"description\":\"Football Club\",\"publisher\":{\"@id\":\"https:\/\/fcballkani.com\/#organization\"},\"potentialAction\":[{\"@type\":\"SearchAction\",\"target\":{\"@type\":\"EntryPoint\",\"urlTemplate\":\"https:\/\/fcballkani.com\/?s={search_term_string}\"},\"query-input\":{\"@type\":\"PropertyValueSpecification\",\"valueRequired\":true,\"valueName\":\"search_term_string\"}}],\"inLanguage\":\"en-US\"},{\"@type\":\"Organization\",\"@id\":\"https:\/\/fcballkani.com\/#organization\",\"name\":\"FC Ballkani\",\"url\":\"https:\/\/fcballkani.com\/\",\"logo\":{\"@type\":\"ImageObject\",\"inLanguage\":\"en-US\",\"@id\":\"https:\/\/fcballkani.com\/#\/schema\/logo\/image\/\",\"url\":\"https:\/\/fcballkani.com\/wp-content\/uploads\/2022\/07\/fc-ballkani.png\",\"contentUrl\":\"https:\/\/fcballkani.com\/wp-content\/uploads\/2022\/07\/fc-ballkani.png\",\"width\":642,\"height\":642,\"caption\":\"FC Ballkani\"},\"image\":{\"@id\":\"https:\/\/fcballkani.com\/#\/schema\/logo\/image\/\"},\"sameAs\":[\"https:\/\/www.facebook.com\/fcballkani\"]}]}<\/script>\n<!-- \/ Yoast SEO plugin. -->","yoast_head_json":{"title":"Cima Construction - FC BALLKANI","robots":{"index":"index","follow":"follow","max-snippet":"max-snippet:-1","max-image-preview":"max-image-preview:large","max-video-preview":"max-video-preview:-1"},"canonical":"https:\/\/fcballkani.com\/en\/cima-construction\/","og_locale":"en_US","og_type":"article","og_title":"Cima Construction - FC BALLKANI","og_description":"+383 49 50 90 90 info@cimaks.com www.cimaks.com Cima construction \u00ebsht\u00eb kompani nd\u00ebrtimore e cila b\u00ebn\u00eb projektimin dhe nd\u00ebrtimin e objekteve afaristo banesore dhe shitjen e tyre n\u00eb gjith\u00eb Kosov\u00ebn.N\u00eb vitin 2017 kompania Cima Construction merr p\u00ebr sip\u00ebr privatizimin e klubit futbollistik Ballkani nga Suhareka.Me marrjen e klubit FC Ballkani n\u00eb pron\u00ebsi t\u00eb kompanis\u00eb Cima Construction, [&hellip;]","og_url":"https:\/\/fcballkani.com\/en\/cima-construction\/","og_site_name":"FC BALLKANI","article_publisher":"https:\/\/www.facebook.com\/fcballkani","article_modified_time":"2022-09-30T10:01:02+00:00","og_image":[{"width":2500,"height":2726,"url":"https:\/\/fcballkani.com\/wp-content\/uploads\/2022\/07\/LOGO-CIMA-CONSTRUCTION.png","type":"image\/png"}],"twitter_card":"summary_large_image","twitter_misc":{"Est. reading time":"1 minute"},"schema":{"@context":"https:\/\/schema.org","@graph":[{"@type":"WebPage","@id":"https:\/\/fcballkani.com\/en\/cima-construction\/","url":"https:\/\/fcballkani.com\/en\/cima-construction\/","name":"Cima Construction - FC BALLKANI","isPartOf":{"@id":"https:\/\/fcballkani.com\/#website"},"primaryImageOfPage":{"@id":"https:\/\/fcballkani.com\/en\/cima-construction\/#primaryimage"},"image":{"@id":"https:\/\/fcballkani.com\/en\/cima-construction\/#primaryimage"},"thumbnailUrl":"https:\/\/fcballkani.com\/wp-content\/uploads\/2022\/07\/LOGO-CIMA-CONSTRUCTION-939x1024.png","datePublished":"2022-09-03T13:26:28+00:00","dateModified":"2022-09-30T10:01:02+00:00","breadcrumb":{"@id":"https:\/\/fcballkani.com\/en\/cima-construction\/#breadcrumb"},"inLanguage":"en-US","potentialAction":[{"@type":"ReadAction","target":["https:\/\/fcballkani.com\/en\/cima-construction\/"]}]},{"@type":"ImageObject","inLanguage":"en-US","@id":"https:\/\/fcballkani.com\/en\/cima-construction\/#primaryimage","url":"https:\/\/fcballkani.com\/wp-content\/uploads\/2022\/07\/LOGO-CIMA-CONSTRUCTION-939x1024.png","contentUrl":"https:\/\/fcballkani.com\/wp-content\/uploads\/2022\/07\/LOGO-CIMA-CONSTRUCTION-939x1024.png"},{"@type":"BreadcrumbList","@id":"https:\/\/fcballkani.com\/en\/cima-construction\/#breadcrumb","itemListElement":[{"@type":"ListItem","position":1,"name":"Home","item":"https:\/\/fcballkani.com\/"},{"@type":"ListItem","position":2,"name":"Cima Construction"}]},{"@type":"WebSite","@id":"https:\/\/fcballkani.com\/#website","url":"https:\/\/fcballkani.com\/","name":"FC BALLKANI","description":"Football Club","publisher":{"@id":"https:\/\/fcballkani.com\/#organization"},"potentialAction":[{"@type":"SearchAction","target":{"@type":"EntryPoint","urlTemplate":"https:\/\/fcballkani.com\/?s={search_term_string}"},"query-input":{"@type":"PropertyValueSpecification","valueRequired":true,"valueName":"search_term_string"}}],"inLanguage":"en-US"},{"@type":"Organization","@id":"https:\/\/fcballkani.com\/#organization","name":"FC Ballkani","url":"https:\/\/fcballkani.com\/","logo":{"@type":"ImageObject","inLanguage":"en-US","@id":"https:\/\/fcballkani.com\/#\/schema\/logo\/image\/","url":"https:\/\/fcballkani.com\/wp-content\/uploads\/2022\/07\/fc-ballkani.png","contentUrl":"https:\/\/fcballkani.com\/wp-content\/uploads\/2022\/07\/fc-ballkani.png","width":642,"height":642,"caption":"FC Ballkani"},"image":{"@id":"https:\/\/fcballkani.com\/#\/schema\/logo\/image\/"},"sameAs":["https:\/\/www.facebook.com\/fcballkani"]}]}},"_links":{"self":[{"href":"https:\/\/fcballkani.com\/en\/wp-json\/wp\/v2\/pages\/6636","targetHints":{"allow":["GET"]}}],"collection":[{"href":"https:\/\/fcballkani.com\/en\/wp-json\/wp\/v2\/pages"}],"about":[{"href":"https:\/\/fcballkani.com\/en\/wp-json\/wp\/v2\/types\/page"}],"author":[{"embeddable":true,"href":"https:\/\/fcballkani.com\/en\/wp-json\/wp\/v2\/users\/1"}],"replies":[{"embeddable":true,"href":"https:\/\/fcballkani.com\/en\/wp-json\/wp\/v2\/comments?post=6636"}],"version-history":[{"count":128,"href":"https:\/\/fcballkani.com\/en\/wp-json\/wp\/v2\/pages\/6636\/revisions"}],"predecessor-version":[{"id":9930,"href":"https:\/\/fcballkani.com\/en\/wp-json\/wp\/v2\/pages\/6636\/revisions\/9930"}],"wp:attachment":[{"href":"https:\/\/fcballkani.com\/en\/wp-json\/wp\/v2\/media?parent=6636"}],"curies":[{"name":"wp","href":"https:\/\/api.w.org\/{rel}","templated":true}]}}