{"id":4273,"date":"2022-08-09T13:29:02","date_gmt":"2022-08-09T13:29:02","guid":{"rendered":"https:\/\/fcballkani.com\/?page_id=4273"},"modified":"2022-09-14T11:17:33","modified_gmt":"2022-09-14T11:17:33","slug":"akreditimi","status":"publish","type":"page","link":"https:\/\/fcballkani.com\/en\/akreditimi\/","title":{"rendered":"Accreditation"},"content":{"rendered":"\t\t<div data-elementor-type=\"wp-page\" data-elementor-id=\"4273\" class=\"elementor elementor-4273\" data-elementor-post-type=\"page\">\n\t\t\t\t\t\t<section class=\"elementor-section elementor-top-section elementor-element elementor-element-6e43e118 elementor-section-boxed elementor-section-height-default elementor-section-height-default\" data-id=\"6e43e118\" data-element_type=\"section\" data-e-type=\"section\" data-settings=\"{&quot;background_background&quot;:&quot;classic&quot;}\">\n\t\t\t\t\t\t<div class=\"elementor-container elementor-column-gap-default\">\n\t\t\t\t\t<div class=\"elementor-column elementor-col-100 elementor-top-column elementor-element elementor-element-9c9bf6f\" data-id=\"9c9bf6f\" data-element_type=\"column\" data-e-type=\"column\">\n\t\t\t<div class=\"elementor-widget-wrap elementor-element-populated\">\n\t\t\t\t\t\t<div class=\"elementor-element elementor-element-1586e5f0 elementor-widget elementor-widget-heading\" data-id=\"1586e5f0\" data-element_type=\"widget\" data-e-type=\"widget\" data-widget_type=\"heading.default\">\n\t\t\t\t<div class=\"elementor-widget-container\">\n\t\t\t\t\t<h2 class=\"elementor-heading-title elementor-size-default\">Akreditimi<\/h2>\t\t\t\t<\/div>\n\t\t\t\t<\/div>\n\t\t\t\t<section class=\"elementor-section elementor-inner-section elementor-element elementor-element-3fa7071 elementor-section-boxed elementor-section-height-default elementor-section-height-default\" data-id=\"3fa7071\" data-element_type=\"section\" data-e-type=\"section\" data-settings=\"{&quot;background_background&quot;:&quot;classic&quot;}\">\n\t\t\t\t\t\t<div class=\"elementor-container elementor-column-gap-default\">\n\t\t\t\t\t<div class=\"elementor-column elementor-col-100 elementor-inner-column elementor-element elementor-element-e9e2ab0\" data-id=\"e9e2ab0\" data-element_type=\"column\" data-e-type=\"column\">\n\t\t\t<div class=\"elementor-widget-wrap elementor-element-populated\">\n\t\t\t\t\t\t<div class=\"elementor-element elementor-element-65f09e9a elementor-widget elementor-widget-text-editor\" data-id=\"65f09e9a\" data-element_type=\"widget\" data-e-type=\"widget\" data-widget_type=\"text-editor.default\">\n\t\t\t\t<div class=\"elementor-widget-container\">\n\t\t\t\t\t\t\t\t\tP\u00ebrfaq\u00ebsuesit e medias duhet t\u00eb regjistrohen paraprakisht p\u00ebr t\u00eb hyr\u00eb n\u00eb ndeshjet e Fc Ballkanit n\u00eb sht\u00ebpi (p\u00ebrve\u00e7 atyre me karta akreditimi p\u00ebr sezonin 2022).\n\nB\u00ebhet regjistrim i ve\u00e7ant\u00eb p\u00ebr ndeshjet nd\u00ebrkomb\u00ebtare. Regjistrimet p\u00ebr akreditimet p\u00ebr ndeshjet e faz\u00ebs s\u00eb grupeve t\u00eb Konferenc\u00ebs s\u00eb UEFA-s t\u00eb s\u00eb enjtes do t\u00eb mbyllen t\u00eb h\u00ebn\u00ebn n\u00eb or\u00ebn 14:00.\n\nP\u00ebr akreditimet p\u00ebr ndeshjet jasht\u00eb vendit ose n\u00eb lig\u00ebn\/kup\u00ebn A, ju lutemi pyesni ve\u00e7mas me e-mail. me post\u00eb\n\nKy formular plot\u00ebsohet p\u00ebr akreditimet e mediave p\u00ebr ndeshjet nd\u00ebrkomb\u00ebtare t\u00eb Ballkanit n\u00eb sht\u00ebpi. Afati i fundit p\u00ebr ndeshjet e faz\u00ebs s\u00eb grupeve t\u00eb Lig\u00ebs s\u00eb Konferenc\u00ebs UEFA (e enjte) \u00ebsht\u00eb jav\u00ebn e ndeshjes t\u00eb h\u00ebn\u00ebn n\u00eb or\u00ebn 14:00.\n\nP\u00ebr ndeshjet lokale ose jasht\u00eb, ju lutemi kontaktoni ve\u00e7mas me email.\n\nP\u00ebr pyetje \/ Kontaktoni:\ninfo@fcballkani.com\t\t\t\t\t\t\t\t<\/div>\n\t\t\t\t<\/div>\n\t\t\t\t<div class=\"elementor-element elementor-element-aa72fbb elementor-button-align-stretch elementor-widget elementor-widget-form\" data-id=\"aa72fbb\" data-element_type=\"widget\" data-e-type=\"widget\" data-settings=\"{&quot;step_next_label&quot;:&quot;Next&quot;,&quot;step_previous_label&quot;:&quot;Previous&quot;,&quot;button_width&quot;:&quot;100&quot;,&quot;step_type&quot;:&quot;number_text&quot;,&quot;step_icon_shape&quot;:&quot;circle&quot;}\" data-widget_type=\"form.default\">\n\t\t\t\t<div class=\"elementor-widget-container\">\n\t\t\t\t\t\t\t<form class=\"elementor-form\" method=\"post\" name=\"Forma e akreditimit\" aria-label=\"Forma e akreditimit\">\n\t\t\t<input type=\"hidden\" name=\"post_id\" value=\"4273\"\/>\n\t\t\t<input type=\"hidden\" name=\"form_id\" value=\"aa72fbb\"\/>\n\t\t\t<input type=\"hidden\" name=\"referer_title\" value=\"Akreditimi - FC BALLKANI\" \/>\n\n\t\t\t\t\t\t\t<input type=\"hidden\" name=\"queried_id\" value=\"4273\"\/>\n\t\t\t\n\t\t\t<div class=\"elementor-form-fields-wrapper elementor-labels-above\">\n\t\t\t\t\t\t\t\t<div class=\"elementor-field-type-text elementor-field-group elementor-column elementor-field-group-name elementor-col-100 elementor-field-required elementor-mark-required\">\n\t\t\t\t\t\t\t\t\t\t\t\t<label for=\"form-field-name\" class=\"elementor-field-label\">\n\t\t\t\t\t\t\t\tEmri (Name)\t\t\t\t\t\t\t<\/label>\n\t\t\t\t\t\t\t\t\t\t\t\t\t\t<input size=\"1\" type=\"text\" name=\"form_fields[name]\" id=\"form-field-name\" class=\"elementor-field elementor-size-sm  elementor-field-textual\" required=\"required\">\n\t\t\t\t\t\t\t\t\t\t\t<\/div>\n\t\t\t\t\t\t\t\t<div class=\"elementor-field-type-text elementor-field-group elementor-column elementor-field-group-field_3130dee elementor-col-100 elementor-field-required elementor-mark-required\">\n\t\t\t\t\t\t\t\t\t\t\t\t<label for=\"form-field-field_3130dee\" class=\"elementor-field-label\">\n\t\t\t\t\t\t\t\tMbiemri (Surname)\t\t\t\t\t\t\t<\/label>\n\t\t\t\t\t\t\t\t\t\t\t\t\t\t<input size=\"1\" type=\"text\" name=\"form_fields[field_3130dee]\" id=\"form-field-field_3130dee\" class=\"elementor-field elementor-size-sm  elementor-field-textual\" required=\"required\">\n\t\t\t\t\t\t\t\t\t\t\t<\/div>\n\t\t\t\t\t\t\t\t<div class=\"elementor-field-type-text elementor-field-group elementor-column elementor-field-group-field_e8ac1b0 elementor-col-100 elementor-field-required elementor-mark-required\">\n\t\t\t\t\t\t\t\t\t\t\t\t<label for=\"form-field-field_e8ac1b0\" class=\"elementor-field-label\">\n\t\t\t\t\t\t\t\tKompania e mediave (Meida company)\t\t\t\t\t\t\t<\/label>\n\t\t\t\t\t\t\t\t\t\t\t\t\t\t<input size=\"1\" type=\"text\" name=\"form_fields[field_e8ac1b0]\" id=\"form-field-field_e8ac1b0\" class=\"elementor-field elementor-size-sm  elementor-field-textual\" required=\"required\">\n\t\t\t\t\t\t\t\t\t\t\t<\/div>\n\t\t\t\t\t\t\t\t<div class=\"elementor-field-type-checkbox elementor-field-group elementor-column elementor-field-group-field_71882ff elementor-col-100\">\n\t\t\t\t\t\t\t\t\t\t\t\t<label for=\"form-field-field_71882ff\" class=\"elementor-field-label\">\n\t\t\t\t\t\t\t\tLloji i pun\u00ebs (Job Type)\t\t\t\t\t\t\t<\/label>\n\t\t\t\t\t\t<div class=\"elementor-field-subgroup  \"><span class=\"elementor-field-option\"><input type=\"checkbox\" value=\"PRES\" id=\"form-field-field_71882ff-0\" name=\"form_fields[field_71882ff][]\"> <label for=\"form-field-field_71882ff-0\">PRES<\/label><\/span><span class=\"elementor-field-option\"><input type=\"checkbox\" value=\"FOTO\" id=\"form-field-field_71882ff-1\" name=\"form_fields[field_71882ff][]\"> <label for=\"form-field-field_71882ff-1\">FOTO<\/label><\/span><span class=\"elementor-field-option\"><input type=\"checkbox\" value=\"Televizioni\" id=\"form-field-field_71882ff-2\" name=\"form_fields[field_71882ff][]\"> <label for=\"form-field-field_71882ff-2\">Televizioni<\/label><\/span><\/div>\t\t\t\t<\/div>\n\t\t\t\t\t\t\t\t<div class=\"elementor-field-type-email elementor-field-group elementor-column elementor-field-group-email elementor-col-100 elementor-field-required elementor-mark-required\">\n\t\t\t\t\t\t\t\t\t\t\t\t<label for=\"form-field-email\" class=\"elementor-field-label\">\n\t\t\t\t\t\t\t\tEmail\t\t\t\t\t\t\t<\/label>\n\t\t\t\t\t\t\t\t\t\t\t\t\t\t<input size=\"1\" type=\"email\" name=\"form_fields[email]\" id=\"form-field-email\" class=\"elementor-field elementor-size-sm  elementor-field-textual\" placeholder=\"Email\" required=\"required\">\n\t\t\t\t\t\t\t\t\t\t\t<\/div>\n\t\t\t\t\t\t\t\t<div class=\"elementor-field-type-checkbox elementor-field-group elementor-column elementor-field-group-field_8871dbd elementor-col-100\">\n\t\t\t\t\t\t\t\t\t\t\t\t<label for=\"form-field-field_8871dbd\" class=\"elementor-field-label\">\n\t\t\t\t\t\t\t\tKeni nevoj\u00eb p\u00ebr nj\u00eb vend me tavolin\u00eb n\u00eb kutin\u00eb e shtypit? (Do you require a seat with table in the press box?)\t\t\t\t\t\t\t<\/label>\n\t\t\t\t\t\t<div class=\"elementor-field-subgroup  \"><span class=\"elementor-field-option\"><input type=\"checkbox\" value=\"PO (YES)\" id=\"form-field-field_8871dbd-0\" name=\"form_fields[field_8871dbd][]\"> <label for=\"form-field-field_8871dbd-0\">PO (YES)<\/label><\/span><span class=\"elementor-field-option\"><input type=\"checkbox\" value=\"JO (NO)\" id=\"form-field-field_8871dbd-1\" name=\"form_fields[field_8871dbd][]\"> <label for=\"form-field-field_8871dbd-1\">JO (NO)<\/label><\/span><\/div>\t\t\t\t<\/div>\n\t\t\t\t\t\t\t\t<div class=\"elementor-field-type-checkbox elementor-field-group elementor-column elementor-field-group-field_12c1383 elementor-col-100\">\n\t\t\t\t\t\t\t\t\t\t\t\t<label for=\"form-field-field_12c1383\" class=\"elementor-field-label\">\n\t\t\t\t\t\t\t\tA do t\u00eb merrnit pjes\u00eb n\u00eb konferenc\u00ebn p\u00ebr shtyp t\u00eb FC Ballkani n\u00eb prag t\u00eb ndeshjes? (Would you to attend FC Ballkani press conference on the eve of the game?)\t\t\t\t\t\t\t<\/label>\n\t\t\t\t\t\t<div class=\"elementor-field-subgroup  \"><span class=\"elementor-field-option\"><input type=\"checkbox\" value=\"PO (YES)\" id=\"form-field-field_12c1383-0\" name=\"form_fields[field_12c1383][]\"> <label for=\"form-field-field_12c1383-0\">PO (YES)<\/label><\/span><span class=\"elementor-field-option\"><input type=\"checkbox\" value=\"JO (NO)\" id=\"form-field-field_12c1383-1\" name=\"form_fields[field_12c1383][]\"> <label for=\"form-field-field_12c1383-1\">JO (NO)<\/label><\/span><span class=\"elementor-field-option\"><input type=\"checkbox\" value=\"NDOSHTA (NOT SURE)\" id=\"form-field-field_12c1383-2\" name=\"form_fields[field_12c1383][]\"> <label for=\"form-field-field_12c1383-2\">NDOSHTA (NOT SURE)<\/label><\/span><\/div>\t\t\t\t<\/div>\n\t\t\t\t\t\t\t\t<div class=\"elementor-field-group elementor-column elementor-field-type-submit elementor-col-100 e-form__buttons\">\n\t\t\t\t\t<button class=\"elementor-button elementor-size-sm\" type=\"submit\">\n\t\t\t\t\t\t<span class=\"elementor-button-content-wrapper\">\n\t\t\t\t\t\t\t\t\t\t\t\t\t\t\t\t\t\t\t\t\t\t<span class=\"elementor-button-text\">D\u00ebrgo (Submit)<\/span>\n\t\t\t\t\t\t\t\t\t\t\t\t\t<\/span>\n\t\t\t\t\t<\/button>\n\t\t\t\t<\/div>\n\t\t\t<\/div>\n\t\t<\/form>\n\t\t\t\t\t\t<\/div>\n\t\t\t\t<\/div>\n\t\t\t\t\t<\/div>\n\t\t<\/div>\n\t\t\t\t\t<\/div>\n\t\t<\/section>\n\t\t\t\t\t<\/div>\n\t\t<\/div>\n\t\t\t\t\t<\/div>\n\t\t<\/section>\n\t\t\t\t<\/div>\n\t\t","protected":false},"excerpt":{"rendered":"<p>Akreditimi P\u00ebrfaq\u00ebsuesit e medias duhet t\u00eb regjistrohen paraprakisht p\u00ebr t\u00eb hyr\u00eb n\u00eb ndeshjet e Fc Ballkanit n\u00eb sht\u00ebpi (p\u00ebrve\u00e7 atyre me karta akreditimi p\u00ebr sezonin 2022). B\u00ebhet regjistrim i ve\u00e7ant\u00eb p\u00ebr ndeshjet nd\u00ebrkomb\u00ebtare. Regjistrimet p\u00ebr akreditimet p\u00ebr ndeshjet e faz\u00ebs s\u00eb grupeve t\u00eb Konferenc\u00ebs s\u00eb UEFA-s t\u00eb s\u00eb enjtes do t\u00eb mbyllen t\u00eb h\u00ebn\u00ebn n\u00eb [&hellip;]<\/p>\n","protected":false},"author":1,"featured_media":0,"parent":0,"menu_order":0,"comment_status":"closed","ping_status":"closed","template":"","meta":{"footnotes":""},"class_list":["post-4273","page","type-page","status-publish","hentry"],"yoast_head":"<!-- This site is optimized with the Yoast SEO plugin v27.2 - https:\/\/yoast.com\/product\/yoast-seo-wordpress\/ -->\n<title>Akreditimi - FC BALLKANI<\/title>\n<meta name=\"robots\" content=\"index, follow, max-snippet:-1, max-image-preview:large, max-video-preview:-1\" \/>\n<link rel=\"canonical\" href=\"https:\/\/fcballkani.com\/en\/akreditimi\/\" \/>\n<meta property=\"og:locale\" content=\"en_US\" \/>\n<meta property=\"og:type\" content=\"article\" \/>\n<meta property=\"og:title\" content=\"Akreditimi - FC BALLKANI\" \/>\n<meta property=\"og:description\" content=\"Akreditimi P\u00ebrfaq\u00ebsuesit e medias duhet t\u00eb regjistrohen paraprakisht p\u00ebr t\u00eb hyr\u00eb n\u00eb ndeshjet e Fc Ballkanit n\u00eb sht\u00ebpi (p\u00ebrve\u00e7 atyre me karta akreditimi p\u00ebr sezonin 2022). B\u00ebhet regjistrim i ve\u00e7ant\u00eb p\u00ebr ndeshjet nd\u00ebrkomb\u00ebtare. Regjistrimet p\u00ebr akreditimet p\u00ebr ndeshjet e faz\u00ebs s\u00eb grupeve t\u00eb Konferenc\u00ebs s\u00eb UEFA-s t\u00eb s\u00eb enjtes do t\u00eb mbyllen t\u00eb h\u00ebn\u00ebn n\u00eb [&hellip;]\" \/>\n<meta property=\"og:url\" content=\"https:\/\/fcballkani.com\/en\/akreditimi\/\" \/>\n<meta property=\"og:site_name\" content=\"FC BALLKANI\" \/>\n<meta property=\"article:publisher\" content=\"https:\/\/www.facebook.com\/fcballkani\" \/>\n<meta property=\"article:modified_time\" content=\"2022-09-14T11:17:33+00:00\" \/>\n<meta name=\"twitter:card\" content=\"summary_large_image\" \/>\n<meta name=\"twitter:label1\" content=\"Est. reading time\" \/>\n\t<meta name=\"twitter:data1\" content=\"1 minute\" \/>\n<script type=\"application\/ld+json\" class=\"yoast-schema-graph\">{\"@context\":\"https:\/\/schema.org\",\"@graph\":[{\"@type\":\"WebPage\",\"@id\":\"https:\/\/fcballkani.com\/akreditimi\/\",\"url\":\"https:\/\/fcballkani.com\/akreditimi\/\",\"name\":\"Akreditimi - FC BALLKANI\",\"isPartOf\":{\"@id\":\"https:\/\/fcballkani.com\/#website\"},\"datePublished\":\"2022-08-09T13:29:02+00:00\",\"dateModified\":\"2022-09-14T11:17:33+00:00\",\"breadcrumb\":{\"@id\":\"https:\/\/fcballkani.com\/akreditimi\/#breadcrumb\"},\"inLanguage\":\"en-US\",\"potentialAction\":[{\"@type\":\"ReadAction\",\"target\":[\"https:\/\/fcballkani.com\/akreditimi\/\"]}]},{\"@type\":\"BreadcrumbList\",\"@id\":\"https:\/\/fcballkani.com\/akreditimi\/#breadcrumb\",\"itemListElement\":[{\"@type\":\"ListItem\",\"position\":1,\"name\":\"Home\",\"item\":\"https:\/\/fcballkani.com\/\"},{\"@type\":\"ListItem\",\"position\":2,\"name\":\"Akreditimi\"}]},{\"@type\":\"WebSite\",\"@id\":\"https:\/\/fcballkani.com\/#website\",\"url\":\"https:\/\/fcballkani.com\/\",\"name\":\"FC BALLKANI\",\"description\":\"Football Club\",\"publisher\":{\"@id\":\"https:\/\/fcballkani.com\/#organization\"},\"potentialAction\":[{\"@type\":\"SearchAction\",\"target\":{\"@type\":\"EntryPoint\",\"urlTemplate\":\"https:\/\/fcballkani.com\/?s={search_term_string}\"},\"query-input\":{\"@type\":\"PropertyValueSpecification\",\"valueRequired\":true,\"valueName\":\"search_term_string\"}}],\"inLanguage\":\"en-US\"},{\"@type\":\"Organization\",\"@id\":\"https:\/\/fcballkani.com\/#organization\",\"name\":\"FC Ballkani\",\"url\":\"https:\/\/fcballkani.com\/\",\"logo\":{\"@type\":\"ImageObject\",\"inLanguage\":\"en-US\",\"@id\":\"https:\/\/fcballkani.com\/#\/schema\/logo\/image\/\",\"url\":\"https:\/\/fcballkani.com\/wp-content\/uploads\/2022\/07\/fc-ballkani.png\",\"contentUrl\":\"https:\/\/fcballkani.com\/wp-content\/uploads\/2022\/07\/fc-ballkani.png\",\"width\":642,\"height\":642,\"caption\":\"FC Ballkani\"},\"image\":{\"@id\":\"https:\/\/fcballkani.com\/#\/schema\/logo\/image\/\"},\"sameAs\":[\"https:\/\/www.facebook.com\/fcballkani\"]}]}<\/script>\n<!-- \/ Yoast SEO plugin. -->","yoast_head_json":{"title":"Akreditimi - FC BALLKANI","robots":{"index":"index","follow":"follow","max-snippet":"max-snippet:-1","max-image-preview":"max-image-preview:large","max-video-preview":"max-video-preview:-1"},"canonical":"https:\/\/fcballkani.com\/en\/akreditimi\/","og_locale":"en_US","og_type":"article","og_title":"Akreditimi - FC BALLKANI","og_description":"Akreditimi P\u00ebrfaq\u00ebsuesit e medias duhet t\u00eb regjistrohen paraprakisht p\u00ebr t\u00eb hyr\u00eb n\u00eb ndeshjet e Fc Ballkanit n\u00eb sht\u00ebpi (p\u00ebrve\u00e7 atyre me karta akreditimi p\u00ebr sezonin 2022). B\u00ebhet regjistrim i ve\u00e7ant\u00eb p\u00ebr ndeshjet nd\u00ebrkomb\u00ebtare. Regjistrimet p\u00ebr akreditimet p\u00ebr ndeshjet e faz\u00ebs s\u00eb grupeve t\u00eb Konferenc\u00ebs s\u00eb UEFA-s t\u00eb s\u00eb enjtes do t\u00eb mbyllen t\u00eb h\u00ebn\u00ebn n\u00eb [&hellip;]","og_url":"https:\/\/fcballkani.com\/en\/akreditimi\/","og_site_name":"FC BALLKANI","article_publisher":"https:\/\/www.facebook.com\/fcballkani","article_modified_time":"2022-09-14T11:17:33+00:00","twitter_card":"summary_large_image","twitter_misc":{"Est. reading time":"1 minute"},"schema":{"@context":"https:\/\/schema.org","@graph":[{"@type":"WebPage","@id":"https:\/\/fcballkani.com\/akreditimi\/","url":"https:\/\/fcballkani.com\/akreditimi\/","name":"Akreditimi - FC BALLKANI","isPartOf":{"@id":"https:\/\/fcballkani.com\/#website"},"datePublished":"2022-08-09T13:29:02+00:00","dateModified":"2022-09-14T11:17:33+00:00","breadcrumb":{"@id":"https:\/\/fcballkani.com\/akreditimi\/#breadcrumb"},"inLanguage":"en-US","potentialAction":[{"@type":"ReadAction","target":["https:\/\/fcballkani.com\/akreditimi\/"]}]},{"@type":"BreadcrumbList","@id":"https:\/\/fcballkani.com\/akreditimi\/#breadcrumb","itemListElement":[{"@type":"ListItem","position":1,"name":"Home","item":"https:\/\/fcballkani.com\/"},{"@type":"ListItem","position":2,"name":"Akreditimi"}]},{"@type":"WebSite","@id":"https:\/\/fcballkani.com\/#website","url":"https:\/\/fcballkani.com\/","name":"FC BALLKANI","description":"Football Club","publisher":{"@id":"https:\/\/fcballkani.com\/#organization"},"potentialAction":[{"@type":"SearchAction","target":{"@type":"EntryPoint","urlTemplate":"https:\/\/fcballkani.com\/?s={search_term_string}"},"query-input":{"@type":"PropertyValueSpecification","valueRequired":true,"valueName":"search_term_string"}}],"inLanguage":"en-US"},{"@type":"Organization","@id":"https:\/\/fcballkani.com\/#organization","name":"FC Ballkani","url":"https:\/\/fcballkani.com\/","logo":{"@type":"ImageObject","inLanguage":"en-US","@id":"https:\/\/fcballkani.com\/#\/schema\/logo\/image\/","url":"https:\/\/fcballkani.com\/wp-content\/uploads\/2022\/07\/fc-ballkani.png","contentUrl":"https:\/\/fcballkani.com\/wp-content\/uploads\/2022\/07\/fc-ballkani.png","width":642,"height":642,"caption":"FC Ballkani"},"image":{"@id":"https:\/\/fcballkani.com\/#\/schema\/logo\/image\/"},"sameAs":["https:\/\/www.facebook.com\/fcballkani"]}]}},"_links":{"self":[{"href":"https:\/\/fcballkani.com\/en\/wp-json\/wp\/v2\/pages\/4273","targetHints":{"allow":["GET"]}}],"collection":[{"href":"https:\/\/fcballkani.com\/en\/wp-json\/wp\/v2\/pages"}],"about":[{"href":"https:\/\/fcballkani.com\/en\/wp-json\/wp\/v2\/types\/page"}],"author":[{"embeddable":true,"href":"https:\/\/fcballkani.com\/en\/wp-json\/wp\/v2\/users\/1"}],"replies":[{"embeddable":true,"href":"https:\/\/fcballkani.com\/en\/wp-json\/wp\/v2\/comments?post=4273"}],"version-history":[{"count":152,"href":"https:\/\/fcballkani.com\/en\/wp-json\/wp\/v2\/pages\/4273\/revisions"}],"predecessor-version":[{"id":9194,"href":"https:\/\/fcballkani.com\/en\/wp-json\/wp\/v2\/pages\/4273\/revisions\/9194"}],"wp:attachment":[{"href":"https:\/\/fcballkani.com\/en\/wp-json\/wp\/v2\/media?parent=4273"}],"curies":[{"name":"wp","href":"https:\/\/api.w.org\/{rel}","templated":true}]}}