{"id":2918,"date":"2022-07-27T08:33:01","date_gmt":"2022-07-27T08:33:01","guid":{"rendered":"https:\/\/fcballkani.com\/?page_id=2918"},"modified":"2026-03-11T09:49:24","modified_gmt":"2026-03-11T08:49:24","slug":"oraret-e-ndeshjeve","status":"publish","type":"page","link":"https:\/\/fcballkani.com\/en\/oraret-e-ndeshjeve\/","title":{"rendered":"Match times"},"content":{"rendered":"<div data-elementor-type=\"wp-page\" data-elementor-id=\"2918\" class=\"elementor elementor-2918\" data-elementor-post-type=\"page\">\n\t\t\t\t\t\t<section class=\"elementor-section elementor-top-section elementor-element elementor-element-8b77493 elementor-section-boxed elementor-section-height-default elementor-section-height-default\" data-id=\"8b77493\" data-element_type=\"section\" data-e-type=\"section\">\n\t\t\t\t\t\t<div class=\"elementor-container elementor-column-gap-default\">\n\t\t\t\t\t<div class=\"elementor-column elementor-col-100 elementor-top-column elementor-element elementor-element-96b18f6\" data-id=\"96b18f6\" data-element_type=\"column\" data-e-type=\"column\">\n\t\t\t<div class=\"elementor-widget-wrap elementor-element-populated\">\n\t\t\t\t\t\t<div class=\"elementor-element elementor-element-fe6a008 elementor-widget elementor-widget-heading\" data-id=\"fe6a008\" data-element_type=\"widget\" data-e-type=\"widget\" data-widget_type=\"heading.default\">\n\t\t\t\t<div class=\"elementor-widget-container\">\n\t\t\t\t\t<h2 class=\"elementor-heading-title elementor-size-default\">Ndeshjet e radh\u00ebs<\/h2>\t\t\t\t<\/div>\n\t\t\t\t<\/div>\n\t\t\t\t\t<\/div>\n\t\t<\/div>\n\t\t\t\t\t<\/div>\n\t\t<\/section>\n\t\t\t\t<section class=\"elementor-section elementor-top-section elementor-element elementor-element-00005f1 elementor-hidden-desktop elementor-hidden-tablet elementor-hidden-mobile elementor-section-boxed elementor-section-height-default elementor-section-height-default\" data-id=\"00005f1\" data-element_type=\"section\" data-e-type=\"section\">\n\t\t\t\t\t\t<div class=\"elementor-container elementor-column-gap-default\">\n\t\t\t\t\t<div class=\"elementor-column elementor-col-100 elementor-top-column elementor-element elementor-element-d48aeef\" data-id=\"d48aeef\" data-element_type=\"column\" data-e-type=\"column\">\n\t\t\t<div class=\"elementor-widget-wrap elementor-element-populated\">\n\t\t\t\t\t\t<section class=\"elementor-section elementor-inner-section elementor-element elementor-element-8b92d0b elementor-section-boxed elementor-section-height-default elementor-section-height-default\" data-id=\"8b92d0b\" data-element_type=\"section\" data-e-type=\"section\">\n\t\t\t\t\t\t<div class=\"elementor-container elementor-column-gap-default\">\n\t\t\t\t\t<div class=\"elementor-column elementor-col-33 elementor-inner-column elementor-element elementor-element-1090d29\" data-id=\"1090d29\" data-element_type=\"column\" data-e-type=\"column\">\n\t\t\t<div class=\"elementor-widget-wrap elementor-element-populated\">\n\t\t\t\t\t\t<div class=\"elementor-element elementor-element-cb2e74a elementor-position-right elementor-vertical-align-middle elementor-widget elementor-widget-image-box\" data-id=\"cb2e74a\" data-element_type=\"widget\" data-e-type=\"widget\" data-widget_type=\"image-box.default\">\n\t\t\t\t<div class=\"elementor-widget-container\">\n\t\t\t\t\t<div class=\"elementor-image-box-wrapper\"><figure class=\"elementor-image-box-img\"><img fetchpriority=\"high\" decoding=\"async\" width=\"642\" height=\"642\" src=\"https:\/\/fcballkani.com\/wp-content\/uploads\/2022\/07\/fc-ballkani.png\" class=\"attachment-full size-full wp-image-3698\" alt=\"\" srcset=\"https:\/\/fcballkani.com\/wp-content\/uploads\/2022\/07\/fc-ballkani.png 642w, https:\/\/fcballkani.com\/wp-content\/uploads\/2022\/07\/fc-ballkani-300x300.png 300w, https:\/\/fcballkani.com\/wp-content\/uploads\/2022\/07\/fc-ballkani-150x150.png 150w\" sizes=\"(max-width: 642px) 100vw, 642px\" \/><\/figure><div class=\"elementor-image-box-content\"><h3 class=\"elementor-image-box-title\">FC Ballkani<\/h3><\/div><\/div>\t\t\t\t<\/div>\n\t\t\t\t<\/div>\n\t\t\t\t\t<\/div>\n\t\t<\/div>\n\t\t\t\t<div class=\"elementor-column elementor-col-33 elementor-inner-column elementor-element elementor-element-1dd6898\" data-id=\"1dd6898\" data-element_type=\"column\" data-e-type=\"column\">\n\t\t\t<div class=\"elementor-widget-wrap elementor-element-populated\">\n\t\t\t\t\t\t<div class=\"elementor-element elementor-element-3e076bd elementor-widget elementor-widget-heading\" data-id=\"3e076bd\" data-element_type=\"widget\" data-e-type=\"widget\" data-widget_type=\"heading.default\">\n\t\t\t\t<div class=\"elementor-widget-container\">\n\t\t\t\t\t<h2 class=\"elementor-heading-title elementor-size-default\">VS<\/h2>\t\t\t\t<\/div>\n\t\t\t\t<\/div>\n\t\t\t\t\t<\/div>\n\t\t<\/div>\n\t\t\t\t<div class=\"elementor-column elementor-col-33 elementor-inner-column elementor-element elementor-element-e535cf8\" data-id=\"e535cf8\" data-element_type=\"column\" data-e-type=\"column\">\n\t\t\t<div class=\"elementor-widget-wrap elementor-element-populated\">\n\t\t\t\t\t\t<div class=\"elementor-element elementor-element-86cbceb elementor-position-left elementor-vertical-align-middle elementor-widget elementor-widget-image-box\" data-id=\"86cbceb\" data-element_type=\"widget\" data-e-type=\"widget\" data-widget_type=\"image-box.default\">\n\t\t\t\t<div class=\"elementor-widget-container\">\n\t\t\t\t\t<div class=\"elementor-image-box-wrapper\"><figure class=\"elementor-image-box-img\"><img fetchpriority=\"high\" decoding=\"async\" width=\"642\" height=\"642\" src=\"https:\/\/fcballkani.com\/wp-content\/uploads\/2022\/07\/fc-ballkani.png\" class=\"attachment-full size-full wp-image-3698\" alt=\"\" srcset=\"https:\/\/fcballkani.com\/wp-content\/uploads\/2022\/07\/fc-ballkani.png 642w, https:\/\/fcballkani.com\/wp-content\/uploads\/2022\/07\/fc-ballkani-300x300.png 300w, https:\/\/fcballkani.com\/wp-content\/uploads\/2022\/07\/fc-ballkani-150x150.png 150w\" sizes=\"(max-width: 642px) 100vw, 642px\" \/><\/figure><div class=\"elementor-image-box-content\"><h3 class=\"elementor-image-box-title\">FC Ballkani<\/h3><\/div><\/div>\t\t\t\t<\/div>\n\t\t\t\t<\/div>\n\t\t\t\t\t<\/div>\n\t\t<\/div>\n\t\t\t\t\t<\/div>\n\t\t<\/section>\n\t\t\t\t<div class=\"elementor-element elementor-element-562ec86 elementor-widget elementor-widget-heading\" data-id=\"562ec86\" data-element_type=\"widget\" data-e-type=\"widget\" data-widget_type=\"heading.default\">\n\t\t\t\t<div class=\"elementor-widget-container\">\n\t\t\t\t\t<h2 class=\"elementor-heading-title elementor-size-default\">04.01.2024<span style=\"color:#FF6302\"> 13:00<\/span><\/h2>\t\t\t\t<\/div>\n\t\t\t\t<\/div>\n\t\t\t\t<div class=\"elementor-element elementor-element-0264a5a elementor-icon-list--layout-inline elementor-align-center elementor-list-item-link-full_width elementor-widget elementor-widget-icon-list\" data-id=\"0264a5a\" data-element_type=\"widget\" data-e-type=\"widget\" data-widget_type=\"icon-list.default\">\n\t\t\t\t<div class=\"elementor-widget-container\">\n\t\t\t\t\t\t\t<ul class=\"elementor-icon-list-items elementor-inline-items\">\n\t\t\t\t\t\t\t<li class=\"elementor-icon-list-item elementor-inline-item\">\n\t\t\t\t\t\t\t\t\t\t\t<span class=\"elementor-icon-list-icon\">\n\t\t\t\t\t\t\t<i aria-hidden=\"true\" class=\"fas fa-map-marker-alt\"><\/i>\t\t\t\t\t\t<\/span>\n\t\t\t\t\t\t\t\t\t\t<span class=\"elementor-icon-list-text\">Stadiumi i Qytetit, Suharek\u00eb<\/span>\n\t\t\t\t\t\t\t\t\t<\/li>\n\t\t\t\t\t\t<\/ul>\n\t\t\t\t\t\t<\/div>\n\t\t\t\t<\/div>\n\t\t\t\t\t<\/div>\n\t\t<\/div>\n\t\t\t\t\t<\/div>\n\t\t<\/section>\n\t\t\t\t<section class=\"elementor-section elementor-top-section elementor-element elementor-element-3ebe751 elementor-section-boxed elementor-section-height-default elementor-section-height-default\" data-id=\"3ebe751\" data-element_type=\"section\" data-e-type=\"section\">\n\t\t\t\t\t\t<div class=\"elementor-container elementor-column-gap-default\">\n\t\t\t\t\t<div class=\"elementor-column elementor-col-100 elementor-top-column elementor-element elementor-element-341391c\" data-id=\"341391c\" data-element_type=\"column\" data-e-type=\"column\">\n\t\t\t<div class=\"elementor-widget-wrap elementor-element-populated\">\n\t\t\t\t\t\t<section class=\"elementor-section elementor-inner-section elementor-element elementor-element-2a54b4b elementor-section-boxed elementor-section-height-default elementor-section-height-default\" data-id=\"2a54b4b\" data-element_type=\"section\" data-e-type=\"section\">\n\t\t\t\t\t\t<div class=\"elementor-container elementor-column-gap-default\">\n\t\t\t\t\t<div class=\"elementor-column elementor-col-33 elementor-inner-column elementor-element elementor-element-06634c1\" data-id=\"06634c1\" data-element_type=\"column\" data-e-type=\"column\">\n\t\t\t<div class=\"elementor-widget-wrap elementor-element-populated\">\n\t\t\t\t\t\t<div class=\"elementor-element elementor-element-b7f2804 elementor-position-right elementor-vertical-align-middle elementor-widget elementor-widget-image-box\" data-id=\"b7f2804\" data-element_type=\"widget\" data-e-type=\"widget\" data-widget_type=\"image-box.default\">\n\t\t\t\t<div class=\"elementor-widget-container\">\n\t\t\t\t\t<div class=\"elementor-image-box-wrapper\"><figure class=\"elementor-image-box-img\"><img fetchpriority=\"high\" decoding=\"async\" width=\"642\" height=\"642\" src=\"https:\/\/fcballkani.com\/wp-content\/uploads\/2022\/07\/fc-ballkani.png\" class=\"attachment-full size-full wp-image-3698\" alt=\"\" srcset=\"https:\/\/fcballkani.com\/wp-content\/uploads\/2022\/07\/fc-ballkani.png 642w, https:\/\/fcballkani.com\/wp-content\/uploads\/2022\/07\/fc-ballkani-300x300.png 300w, https:\/\/fcballkani.com\/wp-content\/uploads\/2022\/07\/fc-ballkani-150x150.png 150w\" sizes=\"(max-width: 642px) 100vw, 642px\" \/><\/figure><div class=\"elementor-image-box-content\"><h3 class=\"elementor-image-box-title\">FC Ballkani<\/h3><\/div><\/div>\t\t\t\t<\/div>\n\t\t\t\t<\/div>\n\t\t\t\t\t<\/div>\n\t\t<\/div>\n\t\t\t\t<div class=\"elementor-column elementor-col-33 elementor-inner-column elementor-element elementor-element-641469f\" data-id=\"641469f\" data-element_type=\"column\" data-e-type=\"column\">\n\t\t\t<div class=\"elementor-widget-wrap elementor-element-populated\">\n\t\t\t\t\t\t<div class=\"elementor-element elementor-element-62df0ab elementor-widget elementor-widget-heading\" data-id=\"62df0ab\" data-element_type=\"widget\" data-e-type=\"widget\" data-widget_type=\"heading.default\">\n\t\t\t\t<div class=\"elementor-widget-container\">\n\t\t\t\t\t<h2 class=\"elementor-heading-title elementor-size-default\">VS<\/h2>\t\t\t\t<\/div>\n\t\t\t\t<\/div>\n\t\t\t\t\t<\/div>\n\t\t<\/div>\n\t\t\t\t<div class=\"elementor-column elementor-col-33 elementor-inner-column elementor-element elementor-element-b7be98b\" data-id=\"b7be98b\" data-element_type=\"column\" data-e-type=\"column\">\n\t\t\t<div class=\"elementor-widget-wrap elementor-element-populated\">\n\t\t\t\t\t\t<div class=\"elementor-element elementor-element-1597cd7 elementor-position-left elementor-vertical-align-middle elementor-widget elementor-widget-image-box\" data-id=\"1597cd7\" data-element_type=\"widget\" data-e-type=\"widget\" data-widget_type=\"image-box.default\">\n\t\t\t\t<div class=\"elementor-widget-container\">\n\t\t\t\t\t<div class=\"elementor-image-box-wrapper\"><figure class=\"elementor-image-box-img\"><img decoding=\"async\" width=\"642\" height=\"642\" src=\"https:\/\/fcballkani.com\/wp-content\/uploads\/2022\/07\/kf-drita.png\" class=\"attachment-full size-full wp-image-3701\" alt=\"\" srcset=\"https:\/\/fcballkani.com\/wp-content\/uploads\/2022\/07\/kf-drita.png 642w, https:\/\/fcballkani.com\/wp-content\/uploads\/2022\/07\/kf-drita-300x300.png 300w, https:\/\/fcballkani.com\/wp-content\/uploads\/2022\/07\/kf-drita-150x150.png 150w\" sizes=\"(max-width: 642px) 100vw, 642px\" \/><\/figure><div class=\"elementor-image-box-content\"><h3 class=\"elementor-image-box-title\">KF Drita<\/h3><\/div><\/div>\t\t\t\t<\/div>\n\t\t\t\t<\/div>\n\t\t\t\t\t<\/div>\n\t\t<\/div>\n\t\t\t\t\t<\/div>\n\t\t<\/section>\n\t\t\t\t<div class=\"elementor-element elementor-element-b2d5228 elementor-widget elementor-widget-heading\" data-id=\"b2d5228\" data-element_type=\"widget\" data-e-type=\"widget\" data-widget_type=\"heading.default\">\n\t\t\t\t<div class=\"elementor-widget-container\">\n\t\t\t\t\t<h2 class=\"elementor-heading-title elementor-size-default\">15.03.2024<span style=\"color:#FF6302\"> 13:00<\/span><\/h2>\t\t\t\t<\/div>\n\t\t\t\t<\/div>\n\t\t\t\t<div class=\"elementor-element elementor-element-abb4ffe elementor-icon-list--layout-inline elementor-align-center elementor-list-item-link-full_width elementor-widget elementor-widget-icon-list\" data-id=\"abb4ffe\" data-element_type=\"widget\" data-e-type=\"widget\" data-widget_type=\"icon-list.default\">\n\t\t\t\t<div class=\"elementor-widget-container\">\n\t\t\t\t\t\t\t<ul class=\"elementor-icon-list-items elementor-inline-items\">\n\t\t\t\t\t\t\t<li class=\"elementor-icon-list-item elementor-inline-item\">\n\t\t\t\t\t\t\t\t\t\t\t<span class=\"elementor-icon-list-icon\">\n\t\t\t\t\t\t\t<i aria-hidden=\"true\" class=\"fas fa-map-marker-alt\"><\/i>\t\t\t\t\t\t<\/span>\n\t\t\t\t\t\t\t\t\t\t<span class=\"elementor-icon-list-text\">Stadiumi i Qytetit, Suharek\u00eb<\/span>\n\t\t\t\t\t\t\t\t\t<\/li>\n\t\t\t\t\t\t<\/ul>\n\t\t\t\t\t\t<\/div>\n\t\t\t\t<\/div>\n\t\t\t\t\t<\/div>\n\t\t<\/div>\n\t\t\t\t\t<\/div>\n\t\t<\/section>\n\t\t\t\t<\/div>","protected":false},"excerpt":{"rendered":"<p>Ndeshjet e radh\u00ebs FC Ballkani VS FC Ballkani 04.01.2024 13:00 Stadiumi i Qytetit, Suharek\u00eb FC Ballkani VS KF Drita 15.03.2024 13:00 Stadiumi i Qytetit, Suharek\u00eb<\/p>","protected":false},"author":1,"featured_media":0,"parent":0,"menu_order":0,"comment_status":"closed","ping_status":"closed","template":"","meta":{"footnotes":""},"class_list":["post-2918","page","type-page","status-publish","hentry"],"yoast_head":"<!-- This site is optimized with the Yoast SEO plugin v27.2 - https:\/\/yoast.com\/product\/yoast-seo-wordpress\/ -->\n<title>Oraret e ndeshjeve - FC BALLKANI<\/title>\n<meta name=\"robots\" content=\"index, follow, max-snippet:-1, max-image-preview:large, max-video-preview:-1\" \/>\n<link rel=\"canonical\" href=\"https:\/\/fcballkani.com\/en\/oraret-e-ndeshjeve\/\" \/>\n<meta property=\"og:locale\" content=\"en_US\" \/>\n<meta property=\"og:type\" content=\"article\" \/>\n<meta property=\"og:title\" content=\"Oraret e ndeshjeve - FC BALLKANI\" \/>\n<meta property=\"og:description\" content=\"Ndeshjet e radh\u00ebs FC Ballkani VS FC Ballkani 04.01.2024 13:00 Stadiumi i Qytetit, Suharek\u00eb FC Ballkani VS KF Drita 15.03.2024 13:00 Stadiumi i Qytetit, Suharek\u00eb\" \/>\n<meta property=\"og:url\" content=\"https:\/\/fcballkani.com\/en\/oraret-e-ndeshjeve\/\" \/>\n<meta property=\"og:site_name\" content=\"FC BALLKANI\" \/>\n<meta property=\"article:publisher\" content=\"https:\/\/www.facebook.com\/fcballkani\" \/>\n<meta property=\"article:modified_time\" content=\"2026-03-11T08:49:24+00:00\" \/>\n<meta property=\"og:image\" content=\"https:\/\/fcballkani.com\/wp-content\/uploads\/2022\/07\/fc-ballkani.png\" \/>\n\t<meta property=\"og:image:width\" content=\"642\" \/>\n\t<meta property=\"og:image:height\" content=\"642\" \/>\n\t<meta property=\"og:image:type\" content=\"image\/png\" \/>\n<meta name=\"twitter:card\" content=\"summary_large_image\" \/>\n<meta name=\"twitter:label1\" content=\"Est. reading time\" \/>\n\t<meta name=\"twitter:data1\" content=\"1 minute\" \/>\n<script type=\"application\/ld+json\" class=\"yoast-schema-graph\">{\"@context\":\"https:\/\/schema.org\",\"@graph\":[{\"@type\":\"WebPage\",\"@id\":\"https:\/\/fcballkani.com\/oraret-e-ndeshjeve\/\",\"url\":\"https:\/\/fcballkani.com\/oraret-e-ndeshjeve\/\",\"name\":\"Oraret e ndeshjeve - FC BALLKANI\",\"isPartOf\":{\"@id\":\"https:\/\/fcballkani.com\/#website\"},\"primaryImageOfPage\":{\"@id\":\"https:\/\/fcballkani.com\/oraret-e-ndeshjeve\/#primaryimage\"},\"image\":{\"@id\":\"https:\/\/fcballkani.com\/oraret-e-ndeshjeve\/#primaryimage\"},\"thumbnailUrl\":\"https:\/\/fcballkani.com\/wp-content\/uploads\/2022\/07\/fc-ballkani.png\",\"datePublished\":\"2022-07-27T08:33:01+00:00\",\"dateModified\":\"2026-03-11T08:49:24+00:00\",\"breadcrumb\":{\"@id\":\"https:\/\/fcballkani.com\/oraret-e-ndeshjeve\/#breadcrumb\"},\"inLanguage\":\"en-US\",\"potentialAction\":[{\"@type\":\"ReadAction\",\"target\":[\"https:\/\/fcballkani.com\/oraret-e-ndeshjeve\/\"]}]},{\"@type\":\"ImageObject\",\"inLanguage\":\"en-US\",\"@id\":\"https:\/\/fcballkani.com\/oraret-e-ndeshjeve\/#primaryimage\",\"url\":\"https:\/\/fcballkani.com\/wp-content\/uploads\/2022\/07\/fc-ballkani.png\",\"contentUrl\":\"https:\/\/fcballkani.com\/wp-content\/uploads\/2022\/07\/fc-ballkani.png\"},{\"@type\":\"BreadcrumbList\",\"@id\":\"https:\/\/fcballkani.com\/oraret-e-ndeshjeve\/#breadcrumb\",\"itemListElement\":[{\"@type\":\"ListItem\",\"position\":1,\"name\":\"Home\",\"item\":\"https:\/\/fcballkani.com\/\"},{\"@type\":\"ListItem\",\"position\":2,\"name\":\"Oraret e ndeshjeve\"}]},{\"@type\":\"WebSite\",\"@id\":\"https:\/\/fcballkani.com\/#website\",\"url\":\"https:\/\/fcballkani.com\/\",\"name\":\"FC BALLKANI\",\"description\":\"Football Club\",\"publisher\":{\"@id\":\"https:\/\/fcballkani.com\/#organization\"},\"potentialAction\":[{\"@type\":\"SearchAction\",\"target\":{\"@type\":\"EntryPoint\",\"urlTemplate\":\"https:\/\/fcballkani.com\/?s={search_term_string}\"},\"query-input\":{\"@type\":\"PropertyValueSpecification\",\"valueRequired\":true,\"valueName\":\"search_term_string\"}}],\"inLanguage\":\"en-US\"},{\"@type\":\"Organization\",\"@id\":\"https:\/\/fcballkani.com\/#organization\",\"name\":\"FC Ballkani\",\"url\":\"https:\/\/fcballkani.com\/\",\"logo\":{\"@type\":\"ImageObject\",\"inLanguage\":\"en-US\",\"@id\":\"https:\/\/fcballkani.com\/#\/schema\/logo\/image\/\",\"url\":\"https:\/\/fcballkani.com\/wp-content\/uploads\/2022\/07\/fc-ballkani.png\",\"contentUrl\":\"https:\/\/fcballkani.com\/wp-content\/uploads\/2022\/07\/fc-ballkani.png\",\"width\":642,\"height\":642,\"caption\":\"FC Ballkani\"},\"image\":{\"@id\":\"https:\/\/fcballkani.com\/#\/schema\/logo\/image\/\"},\"sameAs\":[\"https:\/\/www.facebook.com\/fcballkani\"]}]}<\/script>\n<!-- \/ Yoast SEO plugin. -->","yoast_head_json":{"title":"Oraret e ndeshjeve - FC BALLKANI","robots":{"index":"index","follow":"follow","max-snippet":"max-snippet:-1","max-image-preview":"max-image-preview:large","max-video-preview":"max-video-preview:-1"},"canonical":"https:\/\/fcballkani.com\/en\/oraret-e-ndeshjeve\/","og_locale":"en_US","og_type":"article","og_title":"Oraret e ndeshjeve - FC BALLKANI","og_description":"Ndeshjet e radh\u00ebs FC Ballkani VS FC Ballkani 04.01.2024 13:00 Stadiumi i Qytetit, Suharek\u00eb FC Ballkani VS KF Drita 15.03.2024 13:00 Stadiumi i Qytetit, Suharek\u00eb","og_url":"https:\/\/fcballkani.com\/en\/oraret-e-ndeshjeve\/","og_site_name":"FC BALLKANI","article_publisher":"https:\/\/www.facebook.com\/fcballkani","article_modified_time":"2026-03-11T08:49:24+00:00","og_image":[{"width":642,"height":642,"url":"https:\/\/fcballkani.com\/wp-content\/uploads\/2022\/07\/fc-ballkani.png","type":"image\/png"}],"twitter_card":"summary_large_image","twitter_misc":{"Est. reading time":"1 minute"},"schema":{"@context":"https:\/\/schema.org","@graph":[{"@type":"WebPage","@id":"https:\/\/fcballkani.com\/oraret-e-ndeshjeve\/","url":"https:\/\/fcballkani.com\/oraret-e-ndeshjeve\/","name":"Oraret e ndeshjeve - FC BALLKANI","isPartOf":{"@id":"https:\/\/fcballkani.com\/#website"},"primaryImageOfPage":{"@id":"https:\/\/fcballkani.com\/oraret-e-ndeshjeve\/#primaryimage"},"image":{"@id":"https:\/\/fcballkani.com\/oraret-e-ndeshjeve\/#primaryimage"},"thumbnailUrl":"https:\/\/fcballkani.com\/wp-content\/uploads\/2022\/07\/fc-ballkani.png","datePublished":"2022-07-27T08:33:01+00:00","dateModified":"2026-03-11T08:49:24+00:00","breadcrumb":{"@id":"https:\/\/fcballkani.com\/oraret-e-ndeshjeve\/#breadcrumb"},"inLanguage":"en-US","potentialAction":[{"@type":"ReadAction","target":["https:\/\/fcballkani.com\/oraret-e-ndeshjeve\/"]}]},{"@type":"ImageObject","inLanguage":"en-US","@id":"https:\/\/fcballkani.com\/oraret-e-ndeshjeve\/#primaryimage","url":"https:\/\/fcballkani.com\/wp-content\/uploads\/2022\/07\/fc-ballkani.png","contentUrl":"https:\/\/fcballkani.com\/wp-content\/uploads\/2022\/07\/fc-ballkani.png"},{"@type":"BreadcrumbList","@id":"https:\/\/fcballkani.com\/oraret-e-ndeshjeve\/#breadcrumb","itemListElement":[{"@type":"ListItem","position":1,"name":"Home","item":"https:\/\/fcballkani.com\/"},{"@type":"ListItem","position":2,"name":"Oraret e ndeshjeve"}]},{"@type":"WebSite","@id":"https:\/\/fcballkani.com\/#website","url":"https:\/\/fcballkani.com\/","name":"FC BALLKANI","description":"Football Club","publisher":{"@id":"https:\/\/fcballkani.com\/#organization"},"potentialAction":[{"@type":"SearchAction","target":{"@type":"EntryPoint","urlTemplate":"https:\/\/fcballkani.com\/?s={search_term_string}"},"query-input":{"@type":"PropertyValueSpecification","valueRequired":true,"valueName":"search_term_string"}}],"inLanguage":"en-US"},{"@type":"Organization","@id":"https:\/\/fcballkani.com\/#organization","name":"FC Ballkani","url":"https:\/\/fcballkani.com\/","logo":{"@type":"ImageObject","inLanguage":"en-US","@id":"https:\/\/fcballkani.com\/#\/schema\/logo\/image\/","url":"https:\/\/fcballkani.com\/wp-content\/uploads\/2022\/07\/fc-ballkani.png","contentUrl":"https:\/\/fcballkani.com\/wp-content\/uploads\/2022\/07\/fc-ballkani.png","width":642,"height":642,"caption":"FC Ballkani"},"image":{"@id":"https:\/\/fcballkani.com\/#\/schema\/logo\/image\/"},"sameAs":["https:\/\/www.facebook.com\/fcballkani"]}]}},"_links":{"self":[{"href":"https:\/\/fcballkani.com\/en\/wp-json\/wp\/v2\/pages\/2918","targetHints":{"allow":["GET"]}}],"collection":[{"href":"https:\/\/fcballkani.com\/en\/wp-json\/wp\/v2\/pages"}],"about":[{"href":"https:\/\/fcballkani.com\/en\/wp-json\/wp\/v2\/types\/page"}],"author":[{"embeddable":true,"href":"https:\/\/fcballkani.com\/en\/wp-json\/wp\/v2\/users\/1"}],"replies":[{"embeddable":true,"href":"https:\/\/fcballkani.com\/en\/wp-json\/wp\/v2\/comments?post=2918"}],"version-history":[{"count":20,"href":"https:\/\/fcballkani.com\/en\/wp-json\/wp\/v2\/pages\/2918\/revisions"}],"predecessor-version":[{"id":19554,"href":"https:\/\/fcballkani.com\/en\/wp-json\/wp\/v2\/pages\/2918\/revisions\/19554"}],"wp:attachment":[{"href":"https:\/\/fcballkani.com\/en\/wp-json\/wp\/v2\/media?parent=2918"}],"curies":[{"name":"wp","href":"https:\/\/api.w.org\/{rel}","templated":true}]}}