{"id":2551,"date":"2022-07-26T12:04:23","date_gmt":"2022-07-26T12:04:23","guid":{"rendered":"https:\/\/fcballkani.com\/?page_id=2551"},"modified":"2022-09-30T13:07:40","modified_gmt":"2022-09-30T13:07:40","slug":"lajmet","status":"publish","type":"page","link":"https:\/\/fcballkani.com\/en\/lajmet\/","title":{"rendered":"News"},"content":{"rendered":"<div data-elementor-type=\"wp-page\" data-elementor-id=\"2551\" class=\"elementor elementor-2551\" data-elementor-post-type=\"page\">\n\t\t\t\t\t\t<section class=\"elementor-section elementor-top-section elementor-element elementor-element-2c0af56 elementor-section-boxed elementor-section-height-default elementor-section-height-default\" data-id=\"2c0af56\" data-element_type=\"section\" data-e-type=\"section\">\n\t\t\t\t\t\t<div class=\"elementor-container elementor-column-gap-default\">\n\t\t\t\t\t<div class=\"elementor-column elementor-col-100 elementor-top-column elementor-element elementor-element-cea88e7\" data-id=\"cea88e7\" data-element_type=\"column\" data-e-type=\"column\">\n\t\t\t<div class=\"elementor-widget-wrap elementor-element-populated\">\n\t\t\t\t\t\t<div class=\"elementor-element elementor-element-1ac05bf elementor-widget elementor-widget-heading\" data-id=\"1ac05bf\" data-element_type=\"widget\" data-e-type=\"widget\" data-widget_type=\"heading.default\">\n\t\t\t\t<div class=\"elementor-widget-container\">\n\t\t\t\t\t<h2 class=\"elementor-heading-title elementor-size-default\">News<\/h2>\t\t\t\t<\/div>\n\t\t\t\t<\/div>\n\t\t\t\t\t<\/div>\n\t\t<\/div>\n\t\t\t\t\t<\/div>\n\t\t<\/section>\n\t\t\t\t<section class=\"elementor-section elementor-top-section elementor-element elementor-element-570e048 elementor-section-boxed elementor-section-height-default elementor-section-height-default\" data-id=\"570e048\" data-element_type=\"section\" data-e-type=\"section\">\n\t\t\t\t\t\t<div class=\"elementor-container elementor-column-gap-default\">\n\t\t\t\t\t<div class=\"elementor-column elementor-col-100 elementor-top-column elementor-element elementor-element-b0bd3da\" data-id=\"b0bd3da\" data-element_type=\"column\" data-e-type=\"column\">\n\t\t\t<div class=\"elementor-widget-wrap elementor-element-populated\">\n\t\t\t\t\t\t<div class=\"elementor-element elementor-element-d343066 elementor-posts--align-left elementor-grid-3 elementor-grid-tablet-2 elementor-grid-mobile-1 elementor-posts--thumbnail-top load-more-align-center elementor-widget elementor-widget-posts\" data-id=\"d343066\" data-element_type=\"widget\" data-e-type=\"widget\" data-settings=\"{&quot;classic_row_gap&quot;:{&quot;unit&quot;:&quot;px&quot;,&quot;size&quot;:10,&quot;sizes&quot;:[]},&quot;pagination_type&quot;:&quot;load_more_on_click&quot;,&quot;classic_columns&quot;:&quot;3&quot;,&quot;classic_columns_tablet&quot;:&quot;2&quot;,&quot;classic_columns_mobile&quot;:&quot;1&quot;,&quot;classic_row_gap_tablet&quot;:{&quot;unit&quot;:&quot;px&quot;,&quot;size&quot;:&quot;&quot;,&quot;sizes&quot;:[]},&quot;classic_row_gap_mobile&quot;:{&quot;unit&quot;:&quot;px&quot;,&quot;size&quot;:&quot;&quot;,&quot;sizes&quot;:[]},&quot;load_more_spinner&quot;:{&quot;value&quot;:&quot;fas fa-spinner&quot;,&quot;library&quot;:&quot;fa-solid&quot;}}\" data-widget_type=\"posts.classic\">\n\t\t\t\t<div class=\"elementor-widget-container\">\n\t\t\t\t\t\t\t<div class=\"elementor-posts-container elementor-posts elementor-posts--skin-classic elementor-grid\" role=\"list\">\n\t\t\t\t<article class=\"elementor-post elementor-grid-item post-19644 post type-post status-publish format-standard has-post-thumbnail hentry category-uncategorized\" role=\"listitem\">\n\t\t\t\t<a class=\"elementor-post__thumbnail__link\" href=\"https:\/\/fcballkani.com\/en\/me-moral-te-larte-pergatitemi-per-duelin-e-pare-gjysmefinal-ne-kupe\/\" tabindex=\"-1\" >\n\t\t\t<div class=\"elementor-post__thumbnail\"><img fetchpriority=\"high\" decoding=\"async\" width=\"1333\" height=\"2000\" src=\"https:\/\/fcballkani.com\/wp-content\/uploads\/2026\/04\/img_6572.jpg\" class=\"elementor-animation-float attachment-full size-full wp-image-19643\" alt=\"\" srcset=\"https:\/\/fcballkani.com\/wp-content\/uploads\/2026\/04\/img_6572.jpg 1333w, https:\/\/fcballkani.com\/wp-content\/uploads\/2026\/04\/img_6572-200x300.jpg 200w, https:\/\/fcballkani.com\/wp-content\/uploads\/2026\/04\/img_6572-682x1024.jpg 682w, https:\/\/fcballkani.com\/wp-content\/uploads\/2026\/04\/img_6572-768x1152.jpg 768w, https:\/\/fcballkani.com\/wp-content\/uploads\/2026\/04\/img_6572-1024x1536.jpg 1024w, https:\/\/fcballkani.com\/wp-content\/uploads\/2026\/04\/img_6572-8x12.jpg 8w\" sizes=\"(max-width: 1333px) 100vw, 1333px\" \/><\/div>\n\t\t<\/a>\n\t\t\t\t<div class=\"elementor-post__text\">\n\t\t\t\t<h3 class=\"elementor-post__title\">\n\t\t\t<a href=\"https:\/\/fcballkani.com\/en\/me-moral-te-larte-pergatitemi-per-duelin-e-pare-gjysmefinal-ne-kupe\/\" >\n\t\t\t\tMe moral t\u00eb lart\u00eb, p\u00ebrgatitemi p\u00ebr duelin e par\u00eb gjysm\u00ebfinal n\u00eb kup\u00eb\t\t\t<\/a>\n\t\t<\/h3>\n\t\t\t\t<div class=\"elementor-post__meta-data\">\n\t\t\t\t\t<span class=\"elementor-post-date\">\n\t\t\tApril 6, 2026\t\t<\/span>\n\t\t\t\t<\/div>\n\t\t\n\t\t<a class=\"elementor-post__read-more\" href=\"https:\/\/fcballkani.com\/en\/me-moral-te-larte-pergatitemi-per-duelin-e-pare-gjysmefinal-ne-kupe\/\" aria-label=\"Read more about Me moral t\u00eb lart\u00eb, p\u00ebrgatitemi p\u00ebr duelin e par\u00eb gjysm\u00ebfinal n\u00eb kup\u00eb\" tabindex=\"-1\" >\n\t\t\t\t\t<\/a>\n\n\t\t\t\t<\/div>\n\t\t\t\t<\/article>\n\t\t\t\t<article class=\"elementor-post elementor-grid-item post-19630 post type-post status-publish format-standard has-post-thumbnail hentry category-uncategorized\" role=\"listitem\">\n\t\t\t\t<a class=\"elementor-post__thumbnail__link\" href=\"https:\/\/fcballkani.com\/en\/bleart-tolaj-ishte-nje-moment-i-cmendur\/\" tabindex=\"-1\" >\n\t\t\t<div class=\"elementor-post__thumbnail\"><img decoding=\"async\" width=\"1292\" height=\"1615\" src=\"https:\/\/fcballkani.com\/wp-content\/uploads\/2026\/04\/img_6500.jpg\" class=\"elementor-animation-float attachment-full size-full wp-image-19640\" alt=\"\" srcset=\"https:\/\/fcballkani.com\/wp-content\/uploads\/2026\/04\/img_6500.jpg 1292w, https:\/\/fcballkani.com\/wp-content\/uploads\/2026\/04\/img_6500-240x300.jpg 240w, https:\/\/fcballkani.com\/wp-content\/uploads\/2026\/04\/img_6500-819x1024.jpg 819w, https:\/\/fcballkani.com\/wp-content\/uploads\/2026\/04\/img_6500-768x960.jpg 768w, https:\/\/fcballkani.com\/wp-content\/uploads\/2026\/04\/img_6500-1229x1536.jpg 1229w, https:\/\/fcballkani.com\/wp-content\/uploads\/2026\/04\/img_6500-10x12.jpg 10w\" sizes=\"(max-width: 1292px) 100vw, 1292px\" \/><\/div>\n\t\t<\/a>\n\t\t\t\t<div class=\"elementor-post__text\">\n\t\t\t\t<h3 class=\"elementor-post__title\">\n\t\t\t<a href=\"https:\/\/fcballkani.com\/en\/bleart-tolaj-ishte-nje-moment-i-cmendur\/\" >\n\t\t\t\tTolaj: &#8220;Ishte nj\u00eb moment i \u00e7mendur&#8221;\t\t\t<\/a>\n\t\t<\/h3>\n\t\t\t\t<div class=\"elementor-post__meta-data\">\n\t\t\t\t\t<span class=\"elementor-post-date\">\n\t\t\tApril 4, 2026\t\t<\/span>\n\t\t\t\t<\/div>\n\t\t\n\t\t<a class=\"elementor-post__read-more\" href=\"https:\/\/fcballkani.com\/en\/bleart-tolaj-ishte-nje-moment-i-cmendur\/\" aria-label=\"Read more about Tolaj: &#8220;Ishte nj\u00eb moment i \u00e7mendur&#8221;\" tabindex=\"-1\" >\n\t\t\t\t\t<\/a>\n\n\t\t\t\t<\/div>\n\t\t\t\t<\/article>\n\t\t\t\t<article class=\"elementor-post elementor-grid-item post-19628 post type-post status-publish format-standard has-post-thumbnail hentry category-uncategorized\" role=\"listitem\">\n\t\t\t\t<a class=\"elementor-post__thumbnail__link\" href=\"https:\/\/fcballkani.com\/en\/almir-kryeziu-fitoret-ne-minutat-e-fundit-kane-shije-krejt-tjeter\/\" tabindex=\"-1\" >\n\t\t\t<div class=\"elementor-post__thumbnail\"><img decoding=\"async\" width=\"1440\" height=\"1800\" src=\"https:\/\/fcballkani.com\/wp-content\/uploads\/2026\/04\/img_6497.jpg\" class=\"elementor-animation-float attachment-full size-full wp-image-19637\" alt=\"\" srcset=\"https:\/\/fcballkani.com\/wp-content\/uploads\/2026\/04\/img_6497.jpg 1440w, https:\/\/fcballkani.com\/wp-content\/uploads\/2026\/04\/img_6497-240x300.jpg 240w, https:\/\/fcballkani.com\/wp-content\/uploads\/2026\/04\/img_6497-819x1024.jpg 819w, https:\/\/fcballkani.com\/wp-content\/uploads\/2026\/04\/img_6497-768x960.jpg 768w, https:\/\/fcballkani.com\/wp-content\/uploads\/2026\/04\/img_6497-1229x1536.jpg 1229w, https:\/\/fcballkani.com\/wp-content\/uploads\/2026\/04\/img_6497-10x12.jpg 10w\" sizes=\"(max-width: 1440px) 100vw, 1440px\" \/><\/div>\n\t\t<\/a>\n\t\t\t\t<div class=\"elementor-post__text\">\n\t\t\t\t<h3 class=\"elementor-post__title\">\n\t\t\t<a href=\"https:\/\/fcballkani.com\/en\/almir-kryeziu-fitoret-ne-minutat-e-fundit-kane-shije-krejt-tjeter\/\" >\n\t\t\t\tKryeziu: \u201cFitoret n\u00eb minutat e fundit kan\u00eb shije krejt tjet\u00ebr\u201d\t\t\t<\/a>\n\t\t<\/h3>\n\t\t\t\t<div class=\"elementor-post__meta-data\">\n\t\t\t\t\t<span class=\"elementor-post-date\">\n\t\t\tApril 4, 2026\t\t<\/span>\n\t\t\t\t<\/div>\n\t\t\n\t\t<a class=\"elementor-post__read-more\" href=\"https:\/\/fcballkani.com\/en\/almir-kryeziu-fitoret-ne-minutat-e-fundit-kane-shije-krejt-tjeter\/\" aria-label=\"Read more about Kryeziu: \u201cFitoret n\u00eb minutat e fundit kan\u00eb shije krejt tjet\u00ebr\u201d\" tabindex=\"-1\" >\n\t\t\t\t\t<\/a>\n\n\t\t\t\t<\/div>\n\t\t\t\t<\/article>\n\t\t\t\t<article class=\"elementor-post elementor-grid-item post-19625 post type-post status-publish format-standard has-post-thumbnail hentry category-uncategorized\" role=\"listitem\">\n\t\t\t\t<a class=\"elementor-post__thumbnail__link\" href=\"https:\/\/fcballkani.com\/en\/tolaj-ne-frymen-e-fundit-fitore-dramatike-ndaj-dukagjinit\/\" tabindex=\"-1\" >\n\t\t\t<div class=\"elementor-post__thumbnail\"><img loading=\"lazy\" decoding=\"async\" width=\"1440\" height=\"1800\" src=\"https:\/\/fcballkani.com\/wp-content\/uploads\/2026\/04\/img_6498.jpg\" class=\"elementor-animation-float attachment-full size-full wp-image-19636\" alt=\"\" srcset=\"https:\/\/fcballkani.com\/wp-content\/uploads\/2026\/04\/img_6498.jpg 1440w, https:\/\/fcballkani.com\/wp-content\/uploads\/2026\/04\/img_6498-240x300.jpg 240w, https:\/\/fcballkani.com\/wp-content\/uploads\/2026\/04\/img_6498-819x1024.jpg 819w, https:\/\/fcballkani.com\/wp-content\/uploads\/2026\/04\/img_6498-768x960.jpg 768w, https:\/\/fcballkani.com\/wp-content\/uploads\/2026\/04\/img_6498-1229x1536.jpg 1229w, https:\/\/fcballkani.com\/wp-content\/uploads\/2026\/04\/img_6498-10x12.jpg 10w\" sizes=\"(max-width: 1440px) 100vw, 1440px\" \/><\/div>\n\t\t<\/a>\n\t\t\t\t<div class=\"elementor-post__text\">\n\t\t\t\t<h3 class=\"elementor-post__title\">\n\t\t\t<a href=\"https:\/\/fcballkani.com\/en\/tolaj-ne-frymen-e-fundit-fitore-dramatike-ndaj-dukagjinit\/\" >\n\t\t\t\tTolaj n\u00eb frym\u00ebn e fundit, fitore dramatike ndaj Dukagjinit!\t\t\t<\/a>\n\t\t<\/h3>\n\t\t\t\t<div class=\"elementor-post__meta-data\">\n\t\t\t\t\t<span class=\"elementor-post-date\">\n\t\t\tApril 4, 2026\t\t<\/span>\n\t\t\t\t<\/div>\n\t\t\n\t\t<a class=\"elementor-post__read-more\" href=\"https:\/\/fcballkani.com\/en\/tolaj-ne-frymen-e-fundit-fitore-dramatike-ndaj-dukagjinit\/\" aria-label=\"Read more about Tolaj n\u00eb frym\u00ebn e fundit, fitore dramatike ndaj Dukagjinit!\" tabindex=\"-1\" >\n\t\t\t\t\t<\/a>\n\n\t\t\t\t<\/div>\n\t\t\t\t<\/article>\n\t\t\t\t<article class=\"elementor-post elementor-grid-item post-19621 post type-post status-publish format-standard has-post-thumbnail hentry category-uncategorized\" role=\"listitem\">\n\t\t\t\t<a class=\"elementor-post__thumbnail__link\" href=\"https:\/\/fcballkani.com\/en\/jashanica-maksimumi-ne-fushe-per-tu-rikthyer-te-fitoret\/\" tabindex=\"-1\" >\n\t\t\t<div class=\"elementor-post__thumbnail\"><img loading=\"lazy\" decoding=\"async\" width=\"932\" height=\"960\" src=\"https:\/\/fcballkani.com\/wp-content\/uploads\/2026\/04\/img_6447.jpg\" class=\"elementor-animation-float attachment-full size-full wp-image-19620\" alt=\"\" srcset=\"https:\/\/fcballkani.com\/wp-content\/uploads\/2026\/04\/img_6447.jpg 932w, https:\/\/fcballkani.com\/wp-content\/uploads\/2026\/04\/img_6447-291x300.jpg 291w, https:\/\/fcballkani.com\/wp-content\/uploads\/2026\/04\/img_6447-768x791.jpg 768w, https:\/\/fcballkani.com\/wp-content\/uploads\/2026\/04\/img_6447-12x12.jpg 12w\" sizes=\"(max-width: 932px) 100vw, 932px\" \/><\/div>\n\t\t<\/a>\n\t\t\t\t<div class=\"elementor-post__text\">\n\t\t\t\t<h3 class=\"elementor-post__title\">\n\t\t\t<a href=\"https:\/\/fcballkani.com\/en\/jashanica-maksimumi-ne-fushe-per-tu-rikthyer-te-fitoret\/\" >\n\t\t\t\tJashanica: \u201cMaksimumi n\u00eb fush\u00eb p\u00ebr t\u2019u rikthyer te fitoret\u201d\t\t\t<\/a>\n\t\t<\/h3>\n\t\t\t\t<div class=\"elementor-post__meta-data\">\n\t\t\t\t\t<span class=\"elementor-post-date\">\n\t\t\tApril 3, 2026\t\t<\/span>\n\t\t\t\t<\/div>\n\t\t\n\t\t<a class=\"elementor-post__read-more\" href=\"https:\/\/fcballkani.com\/en\/jashanica-maksimumi-ne-fushe-per-tu-rikthyer-te-fitoret\/\" aria-label=\"Read more about Jashanica: \u201cMaksimumi n\u00eb fush\u00eb p\u00ebr t\u2019u rikthyer te fitoret\u201d\" tabindex=\"-1\" >\n\t\t\t\t\t<\/a>\n\n\t\t\t\t<\/div>\n\t\t\t\t<\/article>\n\t\t\t\t<article class=\"elementor-post elementor-grid-item post-19618 post type-post status-publish format-standard has-post-thumbnail hentry category-uncategorized\" role=\"listitem\">\n\t\t\t\t<a class=\"elementor-post__thumbnail__link\" href=\"https:\/\/fcballkani.com\/en\/ekipi-gati-per-rikthimin-ne-kampionat\/\" tabindex=\"-1\" >\n\t\t\t<div class=\"elementor-post__thumbnail\"><img loading=\"lazy\" decoding=\"async\" width=\"1440\" height=\"960\" src=\"https:\/\/fcballkani.com\/wp-content\/uploads\/2026\/04\/img_6444.jpg\" class=\"elementor-animation-float attachment-full size-full wp-image-19617\" alt=\"\" srcset=\"https:\/\/fcballkani.com\/wp-content\/uploads\/2026\/04\/img_6444.jpg 1440w, https:\/\/fcballkani.com\/wp-content\/uploads\/2026\/04\/img_6444-300x200.jpg 300w, https:\/\/fcballkani.com\/wp-content\/uploads\/2026\/04\/img_6444-1024x683.jpg 1024w, https:\/\/fcballkani.com\/wp-content\/uploads\/2026\/04\/img_6444-768x512.jpg 768w, https:\/\/fcballkani.com\/wp-content\/uploads\/2026\/04\/img_6444-18x12.jpg 18w\" sizes=\"(max-width: 1440px) 100vw, 1440px\" \/><\/div>\n\t\t<\/a>\n\t\t\t\t<div class=\"elementor-post__text\">\n\t\t\t\t<h3 class=\"elementor-post__title\">\n\t\t\t<a href=\"https:\/\/fcballkani.com\/en\/ekipi-gati-per-rikthimin-ne-kampionat\/\" >\n\t\t\t\tEkipi gati p\u00ebr rikthimin n\u00eb kampionat&nbsp;\t\t\t<\/a>\n\t\t<\/h3>\n\t\t\t\t<div class=\"elementor-post__meta-data\">\n\t\t\t\t\t<span class=\"elementor-post-date\">\n\t\t\tApril 3, 2026\t\t<\/span>\n\t\t\t\t<\/div>\n\t\t\n\t\t<a class=\"elementor-post__read-more\" href=\"https:\/\/fcballkani.com\/en\/ekipi-gati-per-rikthimin-ne-kampionat\/\" aria-label=\"Read more about Ekipi gati p\u00ebr rikthimin n\u00eb kampionat&nbsp;\" tabindex=\"-1\" >\n\t\t\t\t\t<\/a>\n\n\t\t\t\t<\/div>\n\t\t\t\t<\/article>\n\t\t\t\t<\/div>\n\t\t\t\t\t<span class=\"e-load-more-spinner\">\n\t\t\t\t<i aria-hidden=\"true\" class=\"fas fa-spinner\"><\/i>\t\t\t<\/span>\n\t\t\n\t\t\t\t<div class=\"e-load-more-anchor\" data-page=\"1\" data-max-page=\"160\" data-next-page=\"https:\/\/fcballkani.com\/en\/wp-json\/wp\/v2\/pages\/2551\/page\/2\/\"><\/div>\n\t\t\t\t<div class=\"elementor-button-wrapper\">\n\t\t\t<a href=\"#\" class=\"elementor-button-link elementor-button elementor-animation-float\" role=\"button\">\n\t\t\t\t\t\t<span class=\"elementor-button-content-wrapper\">\n\t\t\t\t\t\t\t<span class=\"elementor-button-icon\">\n\t\t\t\t<i aria-hidden=\"true\" class=\"fas fa-angle-down\"><\/i>\t\t\t<\/span>\n\t\t\t\t\t\t\t\t\t<span class=\"elementor-button-text\">See more<\/span>\n\t\t\t\t\t<\/span>\n\t\t\t\t\t<\/a>\n\t\t<\/div>\n\t\t\t\t<div class=\"e-load-more-message\"><\/div>\n\t\t\t\t\t\t<\/div>\n\t\t\t\t<\/div>\n\t\t\t\t\t<\/div>\n\t\t<\/div>\n\t\t\t\t\t<\/div>\n\t\t<\/section>\n\t\t\t\t<\/div>","protected":false},"excerpt":{"rendered":"<p>News<\/p>","protected":false},"author":1,"featured_media":0,"parent":0,"menu_order":0,"comment_status":"closed","ping_status":"closed","template":"","meta":{"footnotes":""},"class_list":["post-2551","page","type-page","status-publish","hentry"],"yoast_head":"<!-- This site is optimized with the Yoast SEO plugin v27.2 - https:\/\/yoast.com\/product\/yoast-seo-wordpress\/ -->\n<title>Lajmet - FC BALLKANI<\/title>\n<meta name=\"robots\" content=\"index, follow, max-snippet:-1, max-image-preview:large, max-video-preview:-1\" \/>\n<link rel=\"canonical\" href=\"https:\/\/fcballkani.com\/en\/lajmet\/\" \/>\n<meta property=\"og:locale\" content=\"en_US\" \/>\n<meta property=\"og:type\" content=\"article\" \/>\n<meta property=\"og:title\" content=\"Lajmet - FC BALLKANI\" \/>\n<meta property=\"og:description\" content=\"Lajmet\" \/>\n<meta property=\"og:url\" content=\"https:\/\/fcballkani.com\/en\/lajmet\/\" \/>\n<meta property=\"og:site_name\" content=\"FC BALLKANI\" \/>\n<meta property=\"article:publisher\" content=\"https:\/\/www.facebook.com\/fcballkani\" \/>\n<meta property=\"article:modified_time\" content=\"2022-09-30T13:07:40+00:00\" \/>\n<meta name=\"twitter:card\" content=\"summary_large_image\" \/>\n<script type=\"application\/ld+json\" class=\"yoast-schema-graph\">{\"@context\":\"https:\/\/schema.org\",\"@graph\":[{\"@type\":\"WebPage\",\"@id\":\"https:\/\/fcballkani.com\/lajmet\/\",\"url\":\"https:\/\/fcballkani.com\/lajmet\/\",\"name\":\"Lajmet - FC BALLKANI\",\"isPartOf\":{\"@id\":\"https:\/\/fcballkani.com\/#website\"},\"datePublished\":\"2022-07-26T12:04:23+00:00\",\"dateModified\":\"2022-09-30T13:07:40+00:00\",\"breadcrumb\":{\"@id\":\"https:\/\/fcballkani.com\/lajmet\/#breadcrumb\"},\"inLanguage\":\"en-US\",\"potentialAction\":[{\"@type\":\"ReadAction\",\"target\":[\"https:\/\/fcballkani.com\/lajmet\/\"]}]},{\"@type\":\"BreadcrumbList\",\"@id\":\"https:\/\/fcballkani.com\/lajmet\/#breadcrumb\",\"itemListElement\":[{\"@type\":\"ListItem\",\"position\":1,\"name\":\"Home\",\"item\":\"https:\/\/fcballkani.com\/\"},{\"@type\":\"ListItem\",\"position\":2,\"name\":\"Lajmet\"}]},{\"@type\":\"WebSite\",\"@id\":\"https:\/\/fcballkani.com\/#website\",\"url\":\"https:\/\/fcballkani.com\/\",\"name\":\"FC BALLKANI\",\"description\":\"Football Club\",\"publisher\":{\"@id\":\"https:\/\/fcballkani.com\/#organization\"},\"potentialAction\":[{\"@type\":\"SearchAction\",\"target\":{\"@type\":\"EntryPoint\",\"urlTemplate\":\"https:\/\/fcballkani.com\/?s={search_term_string}\"},\"query-input\":{\"@type\":\"PropertyValueSpecification\",\"valueRequired\":true,\"valueName\":\"search_term_string\"}}],\"inLanguage\":\"en-US\"},{\"@type\":\"Organization\",\"@id\":\"https:\/\/fcballkani.com\/#organization\",\"name\":\"FC Ballkani\",\"url\":\"https:\/\/fcballkani.com\/\",\"logo\":{\"@type\":\"ImageObject\",\"inLanguage\":\"en-US\",\"@id\":\"https:\/\/fcballkani.com\/#\/schema\/logo\/image\/\",\"url\":\"https:\/\/fcballkani.com\/wp-content\/uploads\/2022\/07\/fc-ballkani.png\",\"contentUrl\":\"https:\/\/fcballkani.com\/wp-content\/uploads\/2022\/07\/fc-ballkani.png\",\"width\":642,\"height\":642,\"caption\":\"FC Ballkani\"},\"image\":{\"@id\":\"https:\/\/fcballkani.com\/#\/schema\/logo\/image\/\"},\"sameAs\":[\"https:\/\/www.facebook.com\/fcballkani\"]}]}<\/script>\n<!-- \/ Yoast SEO plugin. -->","yoast_head_json":{"title":"Lajmet - FC BALLKANI","robots":{"index":"index","follow":"follow","max-snippet":"max-snippet:-1","max-image-preview":"max-image-preview:large","max-video-preview":"max-video-preview:-1"},"canonical":"https:\/\/fcballkani.com\/en\/lajmet\/","og_locale":"en_US","og_type":"article","og_title":"Lajmet - FC BALLKANI","og_description":"Lajmet","og_url":"https:\/\/fcballkani.com\/en\/lajmet\/","og_site_name":"FC BALLKANI","article_publisher":"https:\/\/www.facebook.com\/fcballkani","article_modified_time":"2022-09-30T13:07:40+00:00","twitter_card":"summary_large_image","schema":{"@context":"https:\/\/schema.org","@graph":[{"@type":"WebPage","@id":"https:\/\/fcballkani.com\/lajmet\/","url":"https:\/\/fcballkani.com\/lajmet\/","name":"Lajmet - FC BALLKANI","isPartOf":{"@id":"https:\/\/fcballkani.com\/#website"},"datePublished":"2022-07-26T12:04:23+00:00","dateModified":"2022-09-30T13:07:40+00:00","breadcrumb":{"@id":"https:\/\/fcballkani.com\/lajmet\/#breadcrumb"},"inLanguage":"en-US","potentialAction":[{"@type":"ReadAction","target":["https:\/\/fcballkani.com\/lajmet\/"]}]},{"@type":"BreadcrumbList","@id":"https:\/\/fcballkani.com\/lajmet\/#breadcrumb","itemListElement":[{"@type":"ListItem","position":1,"name":"Home","item":"https:\/\/fcballkani.com\/"},{"@type":"ListItem","position":2,"name":"Lajmet"}]},{"@type":"WebSite","@id":"https:\/\/fcballkani.com\/#website","url":"https:\/\/fcballkani.com\/","name":"FC BALLKANI","description":"Football Club","publisher":{"@id":"https:\/\/fcballkani.com\/#organization"},"potentialAction":[{"@type":"SearchAction","target":{"@type":"EntryPoint","urlTemplate":"https:\/\/fcballkani.com\/?s={search_term_string}"},"query-input":{"@type":"PropertyValueSpecification","valueRequired":true,"valueName":"search_term_string"}}],"inLanguage":"en-US"},{"@type":"Organization","@id":"https:\/\/fcballkani.com\/#organization","name":"FC Ballkani","url":"https:\/\/fcballkani.com\/","logo":{"@type":"ImageObject","inLanguage":"en-US","@id":"https:\/\/fcballkani.com\/#\/schema\/logo\/image\/","url":"https:\/\/fcballkani.com\/wp-content\/uploads\/2022\/07\/fc-ballkani.png","contentUrl":"https:\/\/fcballkani.com\/wp-content\/uploads\/2022\/07\/fc-ballkani.png","width":642,"height":642,"caption":"FC Ballkani"},"image":{"@id":"https:\/\/fcballkani.com\/#\/schema\/logo\/image\/"},"sameAs":["https:\/\/www.facebook.com\/fcballkani"]}]}},"_links":{"self":[{"href":"https:\/\/fcballkani.com\/en\/wp-json\/wp\/v2\/pages\/2551","targetHints":{"allow":["GET"]}}],"collection":[{"href":"https:\/\/fcballkani.com\/en\/wp-json\/wp\/v2\/pages"}],"about":[{"href":"https:\/\/fcballkani.com\/en\/wp-json\/wp\/v2\/types\/page"}],"author":[{"embeddable":true,"href":"https:\/\/fcballkani.com\/en\/wp-json\/wp\/v2\/users\/1"}],"replies":[{"embeddable":true,"href":"https:\/\/fcballkani.com\/en\/wp-json\/wp\/v2\/comments?post=2551"}],"version-history":[{"count":70,"href":"https:\/\/fcballkani.com\/en\/wp-json\/wp\/v2\/pages\/2551\/revisions"}],"predecessor-version":[{"id":9951,"href":"https:\/\/fcballkani.com\/en\/wp-json\/wp\/v2\/pages\/2551\/revisions\/9951"}],"wp:attachment":[{"href":"https:\/\/fcballkani.com\/en\/wp-json\/wp\/v2\/media?parent=2551"}],"curies":[{"name":"wp","href":"https:\/\/api.w.org\/{rel}","templated":true}]}}